{"id":3,"date":"2025-12-17T17:31:30","date_gmt":"2025-12-17T16:31:30","guid":{"rendered":"https:\/\/www.ateliergruppocidue.it\/?page_id=3"},"modified":"2026-01-20T22:45:45","modified_gmt":"2026-01-20T21:45:45","slug":"privacy-policy","status":"publish","type":"page","link":"https:\/\/www.ateliergruppocidue.it\/fr\/privacy-policy\/","title":{"rendered":"Privacy Policy"},"content":{"rendered":"<div class=\"wpb-content-wrapper\"><div class=\"vc_row wpb_row vc_row-fluid\"><div class=\"wpb_column vc_column_container vc_col-sm-12\"><div class=\"vc_column-inner\"><div class=\"wpb_wrapper\"><h2 style=\"font-size: 50px;color: #859EB6;text-align: center;font-family:EB Garamond;font-weight:400;font-style:normal\" class=\"vc_custom_heading vc_do_custom_heading\" >ATELIER GRUPPO CI DUE<\/h2>\n\t<div class=\"wpb_text_column wpb_content_element\" >\n\t\t<div class=\"wpb_wrapper\">\n\t\t\t<h3 style=\"text-align: center;\">Informations sur la loi sur la confidentialit\u00e9 et les cookies pour le site Gruppoci-due.com<\/h3>\n\n\t\t<\/div>\n\t<\/div>\n\n\t<div class=\"wpb_text_column wpb_content_element\" >\n\t\t<div class=\"wpb_wrapper\">\n\t\t\t<p>Conform\u00e9ment aux obligations d\u00e9coulant de la l\u00e9gislation nationale (Code de la vie priv\u00e9e) et communautaire (R\u00e8glement g\u00e9n\u00e9ral europ\u00e9en n\u00b0 679\/2016) en mati\u00e8re de protection des donn\u00e9es personnelles, le Groupe Ci Due respecte et prot\u00e8ge la confidentialit\u00e9 des visiteurs et des utilisateurs. La pr\u00e9sente politique de confidentialit\u00e9 s'applique \u00e0 la collecte d'informations sur le site web.<\/p>\n\n\t\t<\/div>\n\t<\/div>\n<\/div><\/div><\/div><\/div><div class=\"vc_row wpb_row vc_row-fluid\"><div class=\"wpb_column vc_column_container vc_col-sm-12\"><div class=\"vc_column-inner\"><div class=\"wpb_wrapper\">\n\t<div  class=\"wpb_single_image wpb_content_element vc_align_center\">\n\t\t\n\t\t<figure class=\"wpb_wrapper vc_figure\">\n\t\t\t<div class=\"vc_single_image-wrapper   vc_box_border_grey\"><img loading=\"lazy\" decoding=\"async\" width=\"270\" height=\"45\" src=\"https:\/\/www.ateliergruppocidue.it\/wp-content\/uploads\/2025\/12\/divider-floreal.jpg\" class=\"vc_single_image-img attachment-large\" alt=\"divider\" title=\"divider-floreal\"  data-dt-location=\"https:\/\/www.ateliergruppocidue.it\/fr\/atelier-gruppo-ci-due\/divider-floreal\/\" \/><\/div>\n\t\t<\/figure>\n\t<\/div>\n<\/div><\/div><\/div><\/div><div class=\"vc_row wpb_row vc_row-fluid\"><div class=\"wpb_column vc_column_container vc_col-sm-12 vc_col-has-fill\"><div class=\"vc_column-inner vc_custom_1766870366687\"><div class=\"wpb_wrapper\">\n\t<div class=\"wpb_text_column wpb_content_element\" >\n\t\t<div class=\"wpb_wrapper\">\n\t\t\t<h2>1 \u2013 Base juridique du traitement<\/h2>\n<p>En utilisant ou en consultant ce site, les visiteurs et les utilisateurs approuvent explicitement la pr\u00e9sente politique de confidentialit\u00e9 et consentent au traitement de leurs donn\u00e9es personnelles conform\u00e9ment aux modalit\u00e9s et finalit\u00e9s d\u00e9crites ci-dessous, y compris la diffusion \u00e9ventuelle \u00e0 des tiers si n\u00e9cessaire \u00e0 la fourniture d'un service.<br \/>\nLa fourniture des donn\u00e9es et donc le consentement \u00e0 la collecte et au traitement des donn\u00e9es est facultatif. L'utilisateur peut refuser son consentement et peut r\u00e9voquer \u00e0 tout moment un consentement d\u00e9j\u00e0 donn\u00e9.  Cependant, refuser le consentement peut entra\u00eener l'impossibilit\u00e9 de fournir certains services et l'exp\u00e9rience de navigation sur le site serait compromise.<br \/>\nLes donn\u00e9es des Clients enregistr\u00e9s sont trait\u00e9es en fonction du contrat en cours avec le&nbsp;<strong>&nbsp;Gruppo Ci Due&nbsp;<\/strong>\u00e0 partir du moment o\u00f9 le contrat a \u00e9t\u00e9 conclu.<\/p>\n<h2>2 \u2013 Finalit\u00e9 du traitement<\/h2>\n<p>Per trattamento di dati personali&nbsp;si intende: registrazione, conservazione, organizzazione, consultazione, selezione, estrazione, raffronto, elaborazione, utilizzo, modificazione, interconnessione, blocco, comunicazione, cancellazione e distruzione, cessione o diffusione, ovvero la combinazione di due o pi\u00f9 di tali operazioni.<br \/>\nLe traitement des donn\u00e9es collect\u00e9es sur le site, en plus des finalit\u00e9s li\u00e9es, instrumentales et n\u00e9cessaires \u00e0 la fourniture du service, vise les finalit\u00e9s suivantes:<\/p>\n<h3>2.1 \u2013 Statistique<\/h3>\n<p>Collecte de donn\u00e9es et d'informations sous forme exclusivement agr\u00e9g\u00e9e et anonyme afin de v\u00e9rifier le bon fonctionnement du site, d'am\u00e9liorer la boutique en ligne et la plateforme.<br \/>\nAucune de ces informations n'est li\u00e9e \u00e0 la personne physique - Utilisateur du site, et ne permet en aucun cas de l'identifier.<\/p>\n<h3>2.2 \u2013 S\u00e9curit\u00e9<\/h3>\n<p>Collecte de donn\u00e9es et d'informations afin de prot\u00e9ger la s\u00e9curit\u00e9 du site et des utilisateurs (filtres anti-spam, pare-feu, d\u00e9tection de virus) et pour pr\u00e9venir ou r\u00e9v\u00e9ler des fraudes ou des abus au d\u00e9triment du site web.<br \/>\nLes donn\u00e9es sont enregistr\u00e9es automatiquement et peuvent \u00e9ventuellement inclure des donn\u00e9es personnelles (adresse IP) qui pourraient \u00eatre utilis\u00e9es, conform\u00e9ment aux lois en vigueur, afin de bloquer des tentatives de dommages au site lui-m\u00eame ou de causer du tort \u00e0 d'autres utilisateurs, ou de toute activit\u00e9 nuisible ou constitutive d'infraction. Ces donn\u00e9es ne sont jamais utilis\u00e9es pour l\u2019identification ou le profilage de l\u2019Utilisateur et sont supprim\u00e9es p\u00e9riodiquement.<\/p>\n<h3>2.3 \u2013 Shopping\/Fourniture de services<\/h3>\n<p>Collecte de donn\u00e9es pour g\u00e9rer les commandes, fournir des produits et services, traiter les paiements, communiquer avec les utilisateurs concernant les commandes, les produits, les services et les offres promotionnelles, mettre \u00e0 jour les registres et, en g\u00e9n\u00e9ral, g\u00e9rer le compte des utilisateurs, afficher des contenus tels que les listes de souhaits et les avis des clients et recommander des produits et services qui pourraient int\u00e9resser les utilisateurs.<\/p>\n<h3>2.4 \u2013 Activit\u00e9s accessoires<\/h3>\n<p>Communiquer les donn\u00e9es \u00e0 des tiers qui accomplissent des fonctions n\u00e9cessaires ou instrumentales au fonctionnement du service, et pour permettre \u00e0 des tiers de r\u00e9aliser des activit\u00e9s techniques, logistiques et autres pour notre compte.<br \/>\nLe pr\u00e9sent site fait appel \u00e0 des fournisseurs pour l'ex\u00e9cution de certaines activit\u00e9s, telles que traiter les commandes, livrer des colis, envoyer du courrier traditionnel, analyser des donn\u00e9es, fournir une assistance marketing, effectuer des paiements par carte de cr\u00e9dit et fournir des services \u00e0 la client\u00e8le.<br \/>\nLes fournisseurs n'ont acc\u00e8s qu'aux donn\u00e9es personnelles n\u00e9cessaires \u00e0 l'ex\u00e9cution de leurs t\u00e2ches, et s'engagent \u00e0 ne pas utiliser les donn\u00e9es \u00e0 d'autres fins, et sont tenus de traiter les donn\u00e9es personnelles conform\u00e9ment aux r\u00e9glementations en vigueur. Cette cat\u00e9gorie de donn\u00e9es est conserv\u00e9e uniquement pour la dur\u00e9e n\u00e9cessaire \u00e0 la fourniture du service.<\/p>\n<h3>2.5 \u2013 Newsletter<\/h3>\n<p>Fournir le service de newsletter pour les clients inscrits via le site web \u00e0 travers une page web d\u00e9di\u00e9e avec un formulaire d'inscription et un consentement obligatoire au traitement des donn\u00e9es. Cette page ou la section d'administration de l'utilisateur permet la suppression automatique de la newsletter ainsi qu'un lien sp\u00e9cifique en bas des newsletters d'information. Pour les inscriptions via consentement \u00e9crit donn\u00e9 directement au Responsable du traitement, il est possible d'envoyer une demande \u00e0&nbsp;<strong>Gruppo Ci Due<\/strong>&nbsp;\u00e0 l'adresse e-mail :&nbsp;<a href=\"mailto:privacy@ateliergruppocidue.it\">privacy@ateliergruppocidue.it<\/a><\/p>\n<h2>3 \u2013 Donn\u00e9es collect\u00e9es<\/h2>\n<p>Ce site collecte les donn\u00e9es des utilisateurs de deux mani\u00e8res.<\/p>\n<h3>3.1 \u2013 Donn\u00e9es collect\u00e9es automatiquement<\/h3>\n<p>Lors de la navigation des utilisateurs, les informations suivantes peuvent \u00eatre collect\u00e9es et enregistr\u00e9es dans les fichiers journaux du site :<\/p>\n<ul>\n<li>Adresse IP;<\/li>\n<li>Type de navigateur;<\/li>\n<li>Param\u00e8tres de l\u2019appareil utilis\u00e9 pour se connecter au site;<\/li>\n<li>Nom du fournisseur d\u2019acc\u00e8s Internet (FAI);<\/li>\n<li>Date et heure de la visite;<\/li>\n<li>Page web de provenance du visiteur (r\u00e9f\u00e9rence) et page de sortie;<\/li>\n<li>\u00c9ventuellement, le nombre de clics.<\/li>\n<\/ul>\n<p>Ces donn\u00e9es sont utilis\u00e9es pour analyser les tendances des utilisateurs et collecter des informations de mani\u00e8re agr\u00e9g\u00e9e, administrer et garantir la s\u00e9curit\u00e9 du site, et ne peuvent en aucun cas \u00eatre reli\u00e9es \u00e0 l\u2019identit\u00e9 de l\u2019Utilisateur.<\/p>\n<h3>3.2 \u2013 Donn\u00e9es fournies volontairement<\/h3>\n<p>Le site peut collecter d'autres donn\u00e9es dans le cas d'une utilisation volontaire des services par les utilisateurs, tels que les services de commentaires, de communication (chat, formulaires de contact et envoi d'e-mails), d'achat (panier):<\/p>\n<ul>\n<li>Nom et pr\u00e9nom;<\/li>\n<li>Adresse e-mail;<\/li>\n<li>Adresse de r\u00e9sidence physique;<\/li>\n<li>Num\u00e9ro de TVA et\/ou code fiscal;<\/li>\n<li>Entreprise et si\u00e8ge;<\/li>\n<li>Image (avatar);<\/li>\n<li>Profils sociaux;<\/li>\n<li>Localisation g\u00e9ographique.<\/li>\n<\/ul>\n<p>Ces donn\u00e9es sont fournies volontairement par l'Utilisateur au moment de la demande du service ou de l'insertion du commentaire, et seront utilis\u00e9es exclusivement pour la fourniture du service demand\u00e9 et trait\u00e9es uniquement pour le temps n\u00e9cessaire \u00e0 la prestation du service.<\/p>\n<p>Les donn\u00e9es fiscales sont n\u00e9cessaires afin de b\u00e9n\u00e9ficier des services payants, et \u00e0 des fins de facturation.\nLes donn\u00e9es collect\u00e9es par le site ne sont pas communiqu\u00e9es \u00e0 des tiers, sauf en cas de demande l\u00e9gitime de l'autorit\u00e9 judiciaire et uniquement dans les cas pr\u00e9vus par la loi. Cependant, les donn\u00e9es pourront \u00eatre communiqu\u00e9es \u00e0 des tiers si cela est n\u00e9cessaire pour la fourniture d\u2019un service sp\u00e9cifique demand\u00e9 par l\u2019Utilisateur, ou \u00e0 des fins fiscales ou pour la mise en \u0153uvre de contr\u00f4les de s\u00e9curit\u00e9 ou d\u2019optimisation du site.<\/p>\n<h2>4 \u2013 Lieu de traitement<\/h2>\n<p>Les donn\u00e9es collect\u00e9es par le site sont trait\u00e9es au si\u00e8ge du Responsable du traitement et dans les centres de donn\u00e9es situ\u00e9s \u00e0 l\u2019int\u00e9rieur de l\u2019Espace \u00c9conomique Europ\u00e9en (EEE), et sont prises en charge uniquement par le personnel charg\u00e9 du traitement. Les donn\u00e9es personnelles sont trait\u00e9es \u00e0 l\u2019aide d\u2019outils automatiques et non automatiques, pour la dur\u00e9e strictement n\u00e9cessaire \u00e0 la r\u00e9alisation des finalit\u00e9s pour lesquelles elles ont \u00e9t\u00e9 collect\u00e9es.<\/p>\n<h2>5 \u2013 P\u00e9riode de conservation des donn\u00e9es<\/h2>\n<p>Les donn\u00e9es collect\u00e9es sont trait\u00e9es pour le temps n\u00e9cessaire aux fins pour lesquelles elles ont \u00e9t\u00e9 collect\u00e9es, et en tout cas pas au-del\u00e0 des d\u00e9lais prescrits par la loi.<br \/>\nLes donn\u00e9es n\u00e9cessaires \u00e0 des fins fiscales sont conserv\u00e9es jusqu'\u00e0 ce que les v\u00e9rifications relatives \u00e0 la p\u00e9riode d'imposition correspondante soient d\u00e9finies, donc pendant au moins 10 ans, et plus si l'ann\u00e9e correspondante n'est pas encore prescrite aux fins fiscales.<br \/>\n\u00c0 l'expiration de ce d\u00e9lai, les donn\u00e9es seront supprim\u00e9es ou anonymis\u00e9es, sauf s'il existe d'autres motifs justifiant leur conservation (par ex. obligations de garantie, obligations fiscales).<\/p>\n<h2>6 \u2013 Transfert des donn\u00e9es collect\u00e9es \u00e0 des tiers et vers des pays hors UE<\/h2>\n<p>Les donn\u00e9es personnelles des utilisateurs\/clients constituent une partie essentielle de notre travail et la cession \u00e0 des tiers ne fait pas partie de nos activit\u00e9s. Toutefois, ce site, dans le cadre de ses activit\u00e9s et de l'ex\u00e9cution des services demand\u00e9s par les utilisateurs, peut \u00eatre amen\u00e9 \u00e0 transf\u00e9rer certaines donn\u00e9es \u00e0 des tiers qui effectuent des t\u00e2ches sp\u00e9cifiques n\u00e9cessaires et li\u00e9es \u00e0 celles du site, notamment : traitement des commandes (par ex. achat de domaines), livraison de courrier, analyse de donn\u00e9es, assistance marketing, paiements par carte de cr\u00e9dit, etc. Les fournisseurs ont acc\u00e8s uniquement aux donn\u00e9es n\u00e9cessaires \u00e0 l'ex\u00e9cution de leur t\u00e2che sp\u00e9cifique et sont tenus de les traiter conform\u00e9ment \u00e0 la pr\u00e9sente Information.<\/p>\n<p>En cas de transfert d\u2019une soci\u00e9t\u00e9 ou d\u2019une unit\u00e9 de production, les donn\u00e9es personnelles des clients font partie des actifs de l\u2019entreprise transf\u00e9r\u00e9s, mais restent soumises aux engagements pr\u00e9vus dans cette Politique, sauf demande de nouveau consentement<\/p>\n<p>Dans le cas o\u00f9 les donn\u00e9es sont transf\u00e9r\u00e9es \u00e0 des entreprises situ\u00e9es en dehors de l\u2019Union europ\u00e9enne (par exemple Google, Facebook et Microsoft \u2013 pour LinkedIn et Skype), nous nous assurons qu\u2019elles sont transf\u00e9r\u00e9es conform\u00e9ment aux r\u00e9glementations en vigueur \u00e0 ce sujet et en particulier aux normes pr\u00e9vues par le R\u00e8glement g\u00e9n\u00e9ral sur la protection des donn\u00e9es. Le transfert est autoris\u00e9 sur la base de d\u00e9cisions sp\u00e9cifiques de l\u2019Union europ\u00e9enne et du Garante pour la protection des donn\u00e9es personnelles&nbsp;<a href=\"https:\/\/www.garanteprivacy.it\/home\/provvedimenti-normativa\/normativa\/normativa-comunitaria-e-intenazionale\/trasferimento-dei-dati-verso-paesi-terzi\" target=\"_blank\" rel=\"noopener\">R\u00e9glementation Communautaire Internationale<\/a>en particulier la d\u00e9cision 1250\/2016&nbsp;<a href=\"http:\/\/eur-lex.europa.eu\/legal-content\/IT\/TXT\/?uri=CELEX%3A32016D1250\" target=\"_blank\" rel=\"noopener\">Privacy Shield<\/a>&nbsp;\u2013 Voici ci-apr\u00e8s le lien vers la&nbsp;<a href=\"http:\/\/www.garanteprivacy.it\/web\/guest\/home\/docweb\/-\/docweb-display\/docweb\/5306161\" target=\"_blank\" rel=\"noopener\">page d\u2019information du Garante italien&nbsp;<\/a>de sorte qu\u2019aucun consentement suppl\u00e9mentaire n\u2019est n\u00e9cessaire.<\/p>\n<h2>7 \u2013 Cookie<\/h2>\n<p>Ce site utilise exclusivement des cookies n\u00e9cessaires pour garantir ses fonctionnalit\u00e9s et la bonne utilisation des contenus par les utilisateurs.<\/p>\n<p>Le pr\u00e9sent site utilise les cat\u00e9gories de cookies suivantes:<\/p>\n<h3>7.1 Cookies techniques<\/h3>\n<p>Les cookies de cette cat\u00e9gorie comprennent \u00e0 la fois des cookies persistants et des cookies de session, permettent de distinguer les utilisateurs connect\u00e9s afin d'\u00e9viter qu'un service soit fourni au mauvais utilisateur et sont donc le r\u00e9sultat d'une demande explicite de l'utilisateur, et sont \u00e9galement utilis\u00e9s pour la s\u00e9curit\u00e9 du site et des utilisateurs eux-m\u00eames. En l'absence de ces cookies, le site ou certaines parties de celui-ci pourraient ne pas fonctionner correctement. Les cookies de cette cat\u00e9gorie sont toujours envoy\u00e9s depuis notre domaine, et leur utilisation ne n\u00e9cessite pas de consentement.<\/p>\n<h2>8 \u2013 Mesures de s\u00e9curit\u00e9<\/h2>\n<p>Le Responsable du traitement traite les donn\u00e9es des visiteurs\/utilisateurs de mani\u00e8re licite et correcte, en adoptant les mesures de s\u00e9curit\u00e9 appropri\u00e9es visant \u00e0 emp\u00eacher les acc\u00e8s non autoris\u00e9s, la divulgation, la modification ou la destruction non autoris\u00e9e des donn\u00e9es, ainsi que les usages illicites des donn\u00e9es. Le traitement est effectu\u00e9 \u00e0 l\u2019aide d\u2019instruments informatiques et\/ou t\u00e9l\u00e9matiques, selon des modalit\u00e9s organisationnelles et des logiques strictement li\u00e9es aux finalit\u00e9s indiqu\u00e9es, et les donn\u00e9es sont m\u00e9moris\u00e9es et conserv\u00e9es dans des structures s\u00e9curis\u00e9es avec des restrictions d\u2019acc\u00e8s et un contr\u00f4le du personnel. L\u2019acc\u00e8s aux informations est strictement limit\u00e9 au personnel autoris\u00e9.<br \/>\nLe site web est constamment surveill\u00e9 afin de v\u00e9rifier d\u2019\u00e9ventuelles violations de s\u00e9curit\u00e9 et d\u2019assurer que les informations sont en s\u00e9curit\u00e9.<br \/>\nEn plus du Responsable, dans certains cas, certaines cat\u00e9gories de personnes charg\u00e9es de l'organisation du site (personnel administratif, commercial, marketing, juridique, administrateurs syst\u00e8me) ou des personnes externes (comme des fournisseurs de services techniques tiers, des coursiers postaux, des fournisseurs d'h\u00e9bergement, des soci\u00e9t\u00e9s informatiques, des agences de communication) pourraient avoir acc\u00e8s aux donn\u00e9es.<br \/>\nIl est important que vous adoptiez des protections appropri\u00e9es contre l'acc\u00e8s non autoris\u00e9 \u00e0 votre mot de passe et \u00e0 votre ordinateur. Assurez-vous toujours de vous d\u00e9connecter lorsque vous utilisez un ordinateur partag\u00e9 avec d'autres utilisateurs.<\/p>\n<h2>9 \u2013 Droits de l\u2019Utilisateur<\/h2>\n<p>Conform\u00e9ment aux obligations d\u00e9coulant de la l\u00e9gislation nationale (Code de la vie priv\u00e9e) et communautaire (R\u00e8glement g\u00e9n\u00e9ral europ\u00e9en n\u00b0 679\/2016), l\u2019Utilisateur peut, selon les modalit\u00e9s et dans les limites pr\u00e9vues par la l\u00e9gislation en vigueur:<\/p>\n<ul>\n<li>S\u2019opposer en tout ou en partie, pour des motifs l\u00e9gitimes, au traitement des donn\u00e9es personnelles le concernant \u00e0 des fins d\u2019envoi de mat\u00e9riel publicitaire ou de vente directe ou pour la r\u00e9alisation d\u2019\u00e9tudes de march\u00e9 ou de communication commerciale;<\/li>\n<li>Demander la confirmation de l\u2019existence de donn\u00e9es personnelles le concernant;<\/li>\n<li>En conna\u00eetre l\u2019origine;<\/li>\n<li>Recevoir une communication intelligible \u00e0 ce sujet;<\/li>\n<li>Obtenir des informations sur la logique, les modalit\u00e9s et les finalit\u00e9s du traitement;<\/li>\n<li>Demander leur mise \u00e0 jour, rectification, int\u00e9gration, suppression, transformation en forme anonyme, blocage des donn\u00e9es trait\u00e9es en violation de la loi, y compris celles qui ne sont plus n\u00e9cessaires \u00e0 la r\u00e9alisation des finalit\u00e9s pour lesquelles elles ont \u00e9t\u00e9 collect\u00e9es;<\/li>\n<li>Dans les cas de traitement bas\u00e9 sur le consentement, recevoir, uniquement au co\u00fbt \u00e9ventuel du support, ses donn\u00e9es fournies au responsable du traitement, sous une forme structur\u00e9e et lisible par un ordinateur et dans un format couramment utilis\u00e9 par un dispositif \u00e9lectronique.<\/li>\n<li>Le droit de d\u00e9poser une r\u00e9clamation aupr\u00e8s de l\u2019Autorit\u00e9 de contr\u00f4le (Garante Privacy)<br \/>\n<a href=\"https:\/\/www.garanteprivacy.it\/web\/guest\/home\/docweb\/-\/docweb-display\/docweb\/4535524\" target=\"_blank\" rel=\"noopener\">Lien vers la page du Garante<\/a><\/li>\n<li>Ainsi que, plus g\u00e9n\u00e9ralement, exercer tous les droits qui lui sont reconnus par les dispositions l\u00e9gales en vigueur.<\/li>\n<\/ul>\n<p>Les demandes doivent \u00eatre adress\u00e9es au Responsable du traitement.<\/p>\n<h2>10 \u2013 Responsable du traitement<\/h2>\n<p>Le responsable du traitement conform\u00e9ment aux lois en vigueur est: Groupe Ci Due  Via Circonvallazione Nuova, 50 10014 Caluso (TO) joignable par mail \u00e0&nbsp;<a href=\"mailto:privacy@ateliergruppocidue.it\">privacy@ateliergruppocidue.it<\/a>ou \u00e0 l\u2019adresse indiqu\u00e9e ci-dessus.<\/p>\n\n\t\t<\/div>\n\t<\/div>\n<\/div><\/div><\/div><\/div><div class=\"vc_row wpb_row vc_row-fluid\"><div class=\"wpb_column vc_column_container vc_col-sm-12\"><div class=\"vc_column-inner\"><div class=\"wpb_wrapper\">\n\t<div  class=\"wpb_single_image wpb_content_element vc_align_center\">\n\t\t\n\t\t<figure class=\"wpb_wrapper vc_figure\">\n\t\t\t<div class=\"vc_single_image-wrapper   vc_box_border_grey\"><img loading=\"lazy\" decoding=\"async\" width=\"150\" height=\"112\" src=\"https:\/\/www.ateliergruppocidue.it\/wp-content\/uploads\/2025\/12\/maker-150x112.jpg\" class=\"vc_single_image-img attachment-thumbnail\" alt=\"maker dove\" title=\"maker\"  data-dt-location=\"https:\/\/www.ateliergruppocidue.it\/fr\/atelier-gruppo-ci-due\/maker\/\" \/><\/div>\n\t\t<\/figure>\n\t<\/div>\n\n\t<div class=\"wpb_text_column wpb_content_element\" >\n\t\t<div class=\"wpb_wrapper\">\n\t\t\t<p style=\"text-align: center;\"><a href=\"https:\/\/www.ateliergruppocidue.it\/fr\/labito-perfetto-per-il-grande-giorno\/\">La robe parfaite pour le grand jour<\/a>,\u00a0<a href=\"https:\/\/www.ateliergruppocidue.it\/fr\/scopri-i-nuovi-abiti-da-cerimonia\/\">D\u00e9couvrez les nouveaux v\u00eatements de c\u00e9r\u00e9monie<\/a>.<br \/>\nL&#8217; Atelier Abiti da Sposa Torino &#8211; Gruppo ci Due, si trova vicino a\u00a0Torino, a\u00a0Caluso, a pochi chilometri da\u00a0Chivasso, Ivrea,<br \/>\nRivarolo Canavese,\u00a0Ciri\u00e8,\u00a0Lein\u00ec,\u00a0Caselle Torinese\u00a0Settimo Torinese<br \/>\nGr\u00e2ce \u00e0 la proximit\u00e9 des sorties d'autoroute Ivrea et San Giorgio Canavese, il est facilement accessible depuis<br \/>\nValle d&#8217;Aosta, Cuneo, Novara, Biella, Vercelli, Asti, Alessandria, Casale Monferrato, Torino, Milano, Genova<\/p>\n\n\t\t<\/div>\n\t<\/div>\n<\/div><\/div><\/div><\/div><div class=\"vc_row wpb_row vc_row-fluid\"><div class=\"wpb_column vc_column_container vc_col-sm-12\"><div class=\"vc_column-inner\"><div class=\"wpb_wrapper\"><\/div><\/div><\/div><\/div>\n<\/div>","protected":false},"excerpt":{"rendered":"<p>ATELIER GRUPPO CI DUE Informativa privacy e cookie law del sito gruppoci-due.com In ottemperanza degli obblighi derivanti dalla normativa nazionale (Codice Privacy) e comunitaria (Regolamento Generale europeo n. 679\/2016) in materia di tutela dei dati personali, Gruppo Ci Due, rispetta e tutela la riservatezza dei visitatori e degli utenti. La presente informativa privacy si applica&hellip;<\/p>","protected":false},"author":1,"featured_media":560,"parent":0,"menu_order":0,"comment_status":"closed","ping_status":"open","template":"","meta":{"footnotes":""},"class_list":["post-3","page","type-page","status-publish","has-post-thumbnail","hentry","description-off"],"_links":{"self":[{"href":"https:\/\/www.ateliergruppocidue.it\/fr\/wp-json\/wp\/v2\/pages\/3","targetHints":{"allow":["GET"]}}],"collection":[{"href":"https:\/\/www.ateliergruppocidue.it\/fr\/wp-json\/wp\/v2\/pages"}],"about":[{"href":"https:\/\/www.ateliergruppocidue.it\/fr\/wp-json\/wp\/v2\/types\/page"}],"author":[{"embeddable":true,"href":"https:\/\/www.ateliergruppocidue.it\/fr\/wp-json\/wp\/v2\/users\/1"}],"replies":[{"embeddable":true,"href":"https:\/\/www.ateliergruppocidue.it\/fr\/wp-json\/wp\/v2\/comments?post=3"}],"version-history":[{"count":9,"href":"https:\/\/www.ateliergruppocidue.it\/fr\/wp-json\/wp\/v2\/pages\/3\/revisions"}],"predecessor-version":[{"id":571,"href":"https:\/\/www.ateliergruppocidue.it\/fr\/wp-json\/wp\/v2\/pages\/3\/revisions\/571"}],"wp:featuredmedia":[{"embeddable":true,"href":"https:\/\/www.ateliergruppocidue.it\/fr\/wp-json\/wp\/v2\/media\/560"}],"wp:attachment":[{"href":"https:\/\/www.ateliergruppocidue.it\/fr\/wp-json\/wp\/v2\/media?parent=3"}],"curies":[{"name":"wp","href":"https:\/\/api.w.org\/{rel}","templated":true}]}}