{"id":404,"date":"2025-12-19T12:16:34","date_gmt":"2025-12-19T11:16:34","guid":{"rendered":"https:\/\/www.ateliergruppocidue.it\/?page_id=404"},"modified":"2026-01-16T16:27:45","modified_gmt":"2026-01-16T15:27:45","slug":"offerte","status":"publish","type":"page","link":"https:\/\/www.ateliergruppocidue.it\/fr\/offerte\/","title":{"rendered":"Des Offres"},"content":{"rendered":"<div class=\"wpb-content-wrapper\"><div class=\"vc_row wpb_row vc_row-fluid\"><div class=\"wpb_column vc_column_container vc_col-sm-12\"><div class=\"vc_column-inner\"><div class=\"wpb_wrapper\"><h2 style=\"font-size: 50px;color: #859EB6;text-align: center;font-family:EB Garamond;font-weight:400;font-style:normal\" class=\"vc_custom_heading vc_do_custom_heading\" >OPPORTUNIT\u00c9S EN VEDETTE<\/h2>\n\t<div class=\"wpb_text_column wpb_content_element\" >\n\t\t<div class=\"wpb_wrapper\">\n\t\t\t<h3 style=\"text-align: center;\">Robes de mari\u00e9e et costumes de mari\u00e9 des meilleures marques<\/h3>\n\n\t\t<\/div>\n\t<\/div>\n\n\t<div class=\"wpb_text_column wpb_content_element\" >\n\t\t<div class=\"wpb_wrapper\">\n\t\t\t<p style=\"text-align: center;\">\u00c0 l'Atelier Gruppo Ci Due, vous trouverez des costumes de mariage et de mari\u00e9 et de nombreuses occasions telles que des tenues de soir\u00e9e et des accessoires en vente. Jetez un oeil \u00e0 notre vitrine!<\/p>\n<div class=\"divider-floreal\" style=\"text-align: center;\"><\/div>\n\n\t\t<\/div>\n\t<\/div>\n<\/div><\/div><\/div><\/div><div class=\"vc_row wpb_row vc_row-fluid\"><div class=\"wpb_column vc_column_container vc_col-sm-12\"><div class=\"vc_column-inner\"><div class=\"wpb_wrapper\">\n\t<div  class=\"wpb_single_image wpb_content_element vc_align_center\">\n\t\t\n\t\t<figure class=\"wpb_wrapper vc_figure\">\n\t\t\t<div class=\"vc_single_image-wrapper   vc_box_border_grey\"><img loading=\"lazy\" decoding=\"async\" width=\"150\" height=\"45\" src=\"https:\/\/www.ateliergruppocidue.it\/wp-content\/uploads\/2025\/12\/divider-floreal-150x45.jpg\" class=\"vc_single_image-img attachment-thumbnail\" alt=\"divider\" title=\"divider-floreal\"  data-dt-location=\"https:\/\/www.ateliergruppocidue.it\/fr\/atelier-gruppo-ci-due\/divider-floreal\/\" \/><\/div>\n\t\t<\/figure>\n\t<\/div>\n<\/div><\/div><\/div><\/div><div class=\"vc_row wpb_row vc_row-fluid vc_custom_1766143807580 vc_row-has-fill\"><div class=\"wpb_column vc_column_container vc_col-sm-3\"><div class=\"vc_column-inner\"><div class=\"wpb_wrapper\">\n\t<div  class=\"wpb_single_image wpb_content_element vc_align_left\">\n\t\t\n\t\t<figure class=\"wpb_wrapper vc_figure\">\n\t\t\t<div class=\"vc_single_image-wrapper   vc_box_border_grey\"><img loading=\"lazy\" decoding=\"async\" width=\"283\" height=\"300\" src=\"https:\/\/www.ateliergruppocidue.it\/wp-content\/uploads\/2025\/12\/abito-sposo-promo-283x300.jpg\" class=\"vc_single_image-img attachment-medium\" alt=\"\" title=\"abito-sposo-promo\" srcset=\"https:\/\/www.ateliergruppocidue.it\/wp-content\/uploads\/2025\/12\/abito-sposo-promo-283x300.jpg 283w, https:\/\/www.ateliergruppocidue.it\/wp-content\/uploads\/2025\/12\/abito-sposo-promo.jpg 429w\" sizes=\"auto, (max-width: 283px) 100vw, 283px\"  data-dt-location=\"https:\/\/www.ateliergruppocidue.it\/fr\/offerte\/abito-sposo-promo\/\" \/><\/div>\n\t\t<\/figure>\n\t<\/div>\n<div class=\"vc_btn3-container vc_btn3-center\" ><a style=\"background-color:#859EB6; color:#EDF3F8;\" class=\"vc_general vc_btn3 vc_btn3-size-md vc_btn3-shape-rounded vc_btn3-style-custom\" href=\"mailto:ateliergruppocidue@libero.it\" title=\"\" target=\"_blank\">Demande d'information<\/a><\/div><\/div><\/div><\/div><div class=\"wpb_column vc_column_container vc_col-sm-9\"><div class=\"vc_column-inner\"><div class=\"wpb_wrapper\"><h2 style=\"font-size: 50px;color: #859EB6;text-align: left;font-family:EB Garamond;font-weight:400;font-style:normal\" class=\"vc_custom_heading vc_do_custom_heading\" >Costume de mari\u00e9 \u00e0 400 Euros<\/h2>\n\t<div class=\"wpb_text_column wpb_content_element\" >\n\t\t<div class=\"wpb_wrapper\">\n\t\t\t<p>Veste \u00e0 un bouton avec cha\u00eene et poitrine en satin avec fentes lat\u00e9rales.<\/p>\n<p>Poches passepoil\u00e9es avec profils identiques au col de la veste. Gilet \u00e0 quatre boutons avec boutonnage simple et poitrine en satin identique \u00e0 la veste coordonn\u00e9e.<\/p>\n<p>- Veste, pantalon et gilet<br \/>\n- Tissu textur\u00e9 50% Polyester 50% Viscose<br \/>\n- Entretien des v\u00eatements : nettoyage \u00e0 sec recommand\u00e9<\/p>\n\n\t\t<\/div>\n\t<\/div>\n<\/div><\/div><\/div><\/div><div class=\"vc_row wpb_row vc_row-fluid vc_custom_1766143807580 vc_row-has-fill\"><div class=\"wpb_column vc_column_container vc_col-sm-3\"><div class=\"vc_column-inner\"><div class=\"wpb_wrapper\">\n\t<div  class=\"wpb_single_image wpb_content_element vc_align_left\">\n\t\t\n\t\t<figure class=\"wpb_wrapper vc_figure\">\n\t\t\t<div class=\"vc_single_image-wrapper   vc_box_border_grey\"><img loading=\"lazy\" decoding=\"async\" width=\"283\" height=\"300\" src=\"https:\/\/www.ateliergruppocidue.it\/wp-content\/uploads\/2025\/12\/abito-sposa-offerta-283x300.jpg\" class=\"vc_single_image-img attachment-medium\" alt=\"abito da sposa offerta\" title=\"abito-sposa-offerta\" srcset=\"https:\/\/www.ateliergruppocidue.it\/wp-content\/uploads\/2025\/12\/abito-sposa-offerta-283x300.jpg 283w, https:\/\/www.ateliergruppocidue.it\/wp-content\/uploads\/2025\/12\/abito-sposa-offerta.jpg 429w\" sizes=\"auto, (max-width: 283px) 100vw, 283px\"  data-dt-location=\"https:\/\/www.ateliergruppocidue.it\/fr\/offerte\/abito-sposa-offerta\/\" \/><\/div>\n\t\t<\/figure>\n\t<\/div>\n<div class=\"vc_btn3-container vc_btn3-center\" ><a style=\"background-color:#859EB6; color:#EDF3F8;\" class=\"vc_general vc_btn3 vc_btn3-size-md vc_btn3-shape-rounded vc_btn3-style-custom\" href=\"mailto:ateliergruppocidue@libero.it\" title=\"\" target=\"_blank\">Demande d'information<\/a><\/div><\/div><\/div><\/div><div class=\"wpb_column vc_column_container vc_col-sm-9\"><div class=\"vc_column-inner\"><div class=\"wpb_wrapper\"><h2 style=\"font-size: 50px;color: #859EB6;text-align: left;font-family:EB Garamond;font-weight:400;font-style:normal\" class=\"vc_custom_heading vc_do_custom_heading\" >Robe de mari\u00e9e \u00e0 500 euros<\/h2>\n\t<div class=\"wpb_text_column wpb_content_element\" >\n\t\t<div class=\"wpb_wrapper\">\n\t\t\t<p><strong>Atelier Gruppo Ci Due<\/strong>propose des robes de mari\u00e9e des meilleures marques italiennes et internationales, dont Carlo Pignatelli, Pronovias et Eddy K., marques historiques et excellentes. Nous produisons \u00e9galement des costumes sur mesure con\u00e7us par nos stylistes internes, de la plus haute qualit\u00e9. et raffinement avec des tissus de soie et de dentelle,\u00a0<strong>des robes de mari\u00e9e<\/strong>\u00a0brod\u00e9es de diff\u00e9rentes couleurs. Le haut niveau de couture et le savoir-faire soign\u00e9 sont les principales caract\u00e9ristiques de l'<strong>Atelier Piemonte Sposi<\/strong>, qui propose des robes adapt\u00e9es \u00e0 tous les go\u00fbts et \u00e0 tous les besoins, des robes amples et fluides, simples et agr\u00e9ment\u00e9es de broderies \u00e0 la main, de dentelle fran\u00e7aise et tissus.<\/p>\n<p>La riche vari\u00e9t\u00e9 de mod\u00e8les retrouv\u00e9s dans notre showroom enti\u00e8rement r\u00e9nov\u00e9, offrent aux hommes et aux femmes d'innombrables solutions pour choisir le costume parfait.<\/p>\n\n\t\t<\/div>\n\t<\/div>\n<\/div><\/div><\/div><\/div><div class=\"vc_row wpb_row vc_row-fluid\"><div class=\"wpb_column vc_column_container vc_col-sm-12\"><div class=\"vc_column-inner\"><div class=\"wpb_wrapper\">\n\t<div  class=\"wpb_single_image wpb_content_element vc_align_center\">\n\t\t\n\t\t<figure class=\"wpb_wrapper vc_figure\">\n\t\t\t<div class=\"vc_single_image-wrapper   vc_box_border_grey\"><img loading=\"lazy\" decoding=\"async\" width=\"150\" height=\"112\" src=\"https:\/\/www.ateliergruppocidue.it\/wp-content\/uploads\/2025\/12\/maker-150x112.jpg\" class=\"vc_single_image-img attachment-thumbnail\" alt=\"maker dove\" title=\"maker\"  data-dt-location=\"https:\/\/www.ateliergruppocidue.it\/fr\/atelier-gruppo-ci-due\/maker\/\" \/><\/div>\n\t\t<\/figure>\n\t<\/div>\n\n\t<div class=\"wpb_text_column wpb_content_element\" >\n\t\t<div class=\"wpb_wrapper\">\n\t\t\t<p align=\"CENTER\"><a href=\"https:\/\/www.ateliergruppocidue.it\/fr\/labito-perfetto-per-il-grande-giorno\/\">La robe parfaite pour le grand jour<\/a>,\u00a0<a href=\"https:\/\/www.ateliergruppocidue.it\/fr\/scopri-i-nuovi-abiti-da-cerimonia\/\">D\u00e9couvrez les nouveaux v\u00eatements de c\u00e9r\u00e9monie<\/a>.<br \/>\nL&#8217; Atelier Abiti da Sposa Torino &#8211; Gruppo ci Due, si trova vicino a\u00a0Torino, a\u00a0Caluso, a pochi chilometri da\u00a0Chivasso, Ivrea,<br \/>\nRivarolo Canavese,\u00a0Ciri\u00e8,\u00a0Lein\u00ec,\u00a0Caselle Torinese\u00a0Settimo Torinese<br \/>\nGr\u00e2ce \u00e0 la proximit\u00e9 des sorties d'autoroute Ivrea et San Giorgio Canavese, il est facilement accessible depuis<br \/>\nValle d&#8217;Aosta, Cuneo, Novara, Biella, Vercelli, Asti, Alessandria, Casale Monferrato, Torino, Milano, Genova<\/p>\n\n\t\t<\/div>\n\t<\/div>\n<\/div><\/div><\/div><\/div>\n<\/div>","protected":false},"excerpt":{"rendered":"<p>OCCASIONI IN VETRINA Abiti da sposa ed abiti da sposo delle migliori griffes All&#8217;Atelier Gruppo Ci Due, potrete trovare in offerta abiti da sposa, da sposo e tante occasioni come abbigliamento da cerimonia e accessori in promo. Dai un&#8217;occhiata alla nostra vetrina ! Richiedi informazioniAbito da Sposo da 400 Euro Giacca a un bottone con&hellip;<\/p>","protected":false},"author":1,"featured_media":557,"parent":0,"menu_order":0,"comment_status":"closed","ping_status":"closed","template":"","meta":{"footnotes":""},"class_list":["post-404","page","type-page","status-publish","has-post-thumbnail","hentry","description-off"],"_links":{"self":[{"href":"https:\/\/www.ateliergruppocidue.it\/fr\/wp-json\/wp\/v2\/pages\/404","targetHints":{"allow":["GET"]}}],"collection":[{"href":"https:\/\/www.ateliergruppocidue.it\/fr\/wp-json\/wp\/v2\/pages"}],"about":[{"href":"https:\/\/www.ateliergruppocidue.it\/fr\/wp-json\/wp\/v2\/types\/page"}],"author":[{"embeddable":true,"href":"https:\/\/www.ateliergruppocidue.it\/fr\/wp-json\/wp\/v2\/users\/1"}],"replies":[{"embeddable":true,"href":"https:\/\/www.ateliergruppocidue.it\/fr\/wp-json\/wp\/v2\/comments?post=404"}],"version-history":[{"count":1,"href":"https:\/\/www.ateliergruppocidue.it\/fr\/wp-json\/wp\/v2\/pages\/404\/revisions"}],"predecessor-version":[{"id":558,"href":"https:\/\/www.ateliergruppocidue.it\/fr\/wp-json\/wp\/v2\/pages\/404\/revisions\/558"}],"wp:featuredmedia":[{"embeddable":true,"href":"https:\/\/www.ateliergruppocidue.it\/fr\/wp-json\/wp\/v2\/media\/557"}],"wp:attachment":[{"href":"https:\/\/www.ateliergruppocidue.it\/fr\/wp-json\/wp\/v2\/media?parent=404"}],"curies":[{"name":"wp","href":"https:\/\/api.w.org\/{rel}","templated":true}]}}