{"id":429,"date":"2025-12-19T22:40:39","date_gmt":"2025-12-19T21:40:39","guid":{"rendered":"https:\/\/www.ateliergruppocidue.it\/?page_id=429"},"modified":"2026-01-16T16:10:43","modified_gmt":"2026-01-16T15:10:43","slug":"labito-perfetto-per-il-grande-giorno","status":"publish","type":"page","link":"https:\/\/www.ateliergruppocidue.it\/fr\/labito-perfetto-per-il-grande-giorno\/","title":{"rendered":"L&#8217;abito perfetto per il Grande Giorno"},"content":{"rendered":"<div class=\"wpb-content-wrapper\"><div class=\"vc_row wpb_row vc_row-fluid\"><div class=\"wpb_column vc_column_container vc_col-sm-12\"><div class=\"vc_column-inner\"><div class=\"wpb_wrapper\"><h2 style=\"font-size: 40px;color: #D9AC9D;text-align: center;font-family:EB Garamond;font-weight:400;font-style:normal\" class=\"vc_custom_heading vc_do_custom_heading\" >TROUVEZ VOTRE ROBE PARFAITE POUR LE GRAND JOUR !<\/h2>\n\t<div class=\"wpb_text_column wpb_content_element\" >\n\t\t<div class=\"wpb_wrapper\">\n\t\t\t<p style=\"text-align: center;\">Vous \u00eates \u00e0 la recherche de\u00a0<strong>robes de mari\u00e9e<\/strong>Ne cherchez plus ! Notre atelier propose une large gamme de robes de mari\u00e9e \u00e9l\u00e9gantes, modernes et sur mesure.<\/p>\n<h3 style=\"text-align: center;\">Collections Exclusives et Personnalis\u00e9es<\/h3>\n<p style=\"text-align: center;\">Nous proposons des collections exclusives de\u00a0<strong>Robes de Mari\u00e9e<\/strong>\u00a0con\u00e7ues par les meilleurs cr\u00e9ateurs italiens et internationaux. Chaque robe est r\u00e9alis\u00e9e avec des mat\u00e9riaux de haute qualit\u00e9, garantissant confort et style pour votre jour sp\u00e9cial. Que vous recherchiez une robe de mari\u00e9e classique, romantique ou contemporaine, vous trouverez celle qui vous convient dans notre boutique.<\/p>\n<h3 style=\"text-align: center;\">Cr\u00e9ateurs experts en\u00a0<em>Robes de Mari\u00e9e<\/em><\/h3>\n<p style=\"text-align: center;\">Notre \u00e9quipe d'experts en robes de mari\u00e9e et de conseillers en mode poss\u00e8de une longue tradition de couture et est d\u00e9di\u00e9e \u00e0 te faire sentir sp\u00e9ciale.<br \/>\nNous combinons des techniques traditionnelles avec des innovations modernes.<\/p>\n<h3 style=\"text-align: center;\">Nous garantissons des v\u00eatements de haute couture<\/h3>\n<p style=\"text-align: center;\">La qualit\u00e9 des mat\u00e9riaux et des tissus pr\u00e9cieux s\u00e9lectionn\u00e9s garantit une robe de mari\u00e9e belle et confortable \u00e0 porter.<br \/>\nNous vous guiderons dans le choix de la robe de mari\u00e9e parfaite, en tenant compte de votre style, de vos pr\u00e9f\u00e9rences et des derni\u00e8res tendances.<br \/>\nR\u00e9serve une consultation personnalis\u00e9e et laisse-toi choyer<strong>pendant que tu choisis la robe de mari\u00e9e de tes r\u00eaves<\/strong>.<\/p>\n\n\t\t<\/div>\n\t<\/div>\n\n\t<div  class=\"wpb_single_image wpb_content_element vc_align_center\">\n\t\t\n\t\t<figure class=\"wpb_wrapper vc_figure\">\n\t\t\t<div class=\"vc_single_image-wrapper   vc_box_border_grey\"><img loading=\"lazy\" decoding=\"async\" width=\"277\" height=\"300\" src=\"https:\/\/www.ateliergruppocidue.it\/wp-content\/uploads\/2025\/12\/abiti-da-sposa-a-torino-277x300.jpg\" class=\"vc_single_image-img attachment-medium\" alt=\"abiti da sposa\" title=\"abiti-da-sposa-a-torino\" srcset=\"https:\/\/www.ateliergruppocidue.it\/wp-content\/uploads\/2025\/12\/abiti-da-sposa-a-torino-277x300.jpg 277w, https:\/\/www.ateliergruppocidue.it\/wp-content\/uploads\/2025\/12\/abiti-da-sposa-a-torino.jpg 400w\" sizes=\"auto, (max-width: 277px) 100vw, 277px\"  data-dt-location=\"https:\/\/www.ateliergruppocidue.it\/fr\/labito-perfetto-per-il-grande-giorno\/abiti-da-sposa-a-torino\/\" \/><\/div>\n\t\t<\/figure>\n\t<\/div>\n<\/div><\/div><\/div><\/div><div class=\"vc_row wpb_row vc_row-fluid\"><div class=\"wpb_column vc_column_container vc_col-sm-12\"><div class=\"vc_column-inner\"><div class=\"wpb_wrapper\"><h2 style=\"font-size: 40px;color: #859EB6;text-align: center;font-family:EB Garamond;font-weight:400;font-style:normal\" class=\"vc_custom_heading vc_do_custom_heading\" ><a href=\"https:\/\/www.bersinicomunicazione.it\/lavorazione\/abiti-da-sposa\/\" target=\"_blank\" rel=\"noopener\">Regarde les collections<\/a><\/h2>\n\t<div class=\"wpb_text_column wpb_content_element\" >\n\t\t<div class=\"wpb_wrapper\">\n\t\t\t<h5 style=\"text-align: center;\">Conseil personnalis\u00e9<\/h5>\n<p style=\"text-align: center;\">Notre \u00e9quipe d'experts stylistes et conseillers en mode est d\u00e9di\u00e9e \u00e0 vous faire sentir sp\u00e9ciale. Nous vous guiderons dans le choix de la robe de mari\u00e9e parfaite, en tenant compte de votre style, de vos pr\u00e9f\u00e9rences et des derni\u00e8res tendances. Prenez rendez-vous pour une consultation personnalis\u00e9e et laissez-vous choyer pendant que vous choisissez la robe de vos r\u00eaves.<\/p>\n<h5 style=\"text-align: center;\">Pourquoi choisir nous ?<\/h5>\n<p style=\"text-align: center;\">&#8211;\u00a0<strong>Qualit\u00e9 et style :<\/strong> Robes de mari\u00e9e de haute qualit\u00e9 r\u00e9alis\u00e9es avec les meilleurs mat\u00e9riaux.<br \/>\n&#8211;\u00a0<strong>Exp\u00e9rience :<\/strong>\u00a0Ann\u00e9es d'exp\u00e9rience dans le secteur de la mode nuptiale.<br \/>\n&#8211;\u00a0<strong>Personnalisation :<\/strong>\u00a0Services sur mesure pour r\u00e9pondre \u00e0 tous vos besoins.<br \/>\n&#8211;\u00a0<strong>Assistance :<\/strong>\u00a0Une \u00e9quipe d'experts \u00e0 votre disposition pour un conseil personnalis\u00e9.<\/p>\n<p style=\"text-align: center;\"><strong>DE PLUS:<\/strong><\/p>\n<p style=\"text-align: center;\">&#8211;\u00a0<strong>Accessoires :<\/strong>\u00a0Voiles, chaussures, bijoux et tout ce dont vous avez besoin pour un look impeccable.<br \/>\n&#8211;\u00a0<strong>Atelier interne :\u00a0<\/strong>Nous adaptons et modifions pour vous garantir un ajustement parfait<br \/>\n&#8211;\u00a0<strong>Conseil en style :\u00a0<\/strong>Nous cr\u00e9ons votre image parfaite avec des conseils personnalis\u00e9s pour assortir votre tenue avec les bons accessoires.<\/p>\n<h5 style=\"text-align: center;\">Notre mission<\/h5>\n<p style=\"text-align: center;\">Notre Atelier de Robes de Mari\u00e9e b\u00e9n\u00e9ficie d'une tradition de couture et d'une histoire riche en \u00e9l\u00e9gance, en artisanat et en culture, transmise de g\u00e9n\u00e9ration en g\u00e9n\u00e9ration. Notre mission est de cr\u00e9er des robes de mari\u00e9e pour une histoire unique, faite de d\u00e9tails raffin\u00e9s et de particularit\u00e9s pr\u00e9cieuses, qui rendent le jour du mariage un \u00e9v\u00e9nement inoubliable.<\/p>\n<h5 style=\"text-align: center;\">Artisanat et qualit\u00e9 des tissus<\/h5>\n<p style=\"text-align: center;\">L'essence de notre tradition de couture r\u00e9side dans l'artisanat. Chaque robe de mari\u00e9e que nous cr\u00e9ons est le fruit de nombreuses heures de travail, o\u00f9 chaque couture, broderie et application est r\u00e9alis\u00e9e avec pr\u00e9cision et passion. Les tissus choisis et utilis\u00e9s (comme la soie, le tulle, la dentelle et le mikado) sont s\u00e9lectionn\u00e9s par notre \u00e9quipe pour leur qualit\u00e9 et leur beaut\u00e9, garantissant un r\u00e9sultat final qui met en valeur au maximum l'\u00e9l\u00e9gance de la mari\u00e9e.<\/p>\n<h5 style=\"text-align: center;\">Visita il nostro Atelier<\/h5>\n<p style=\"text-align: center;\">Vieni a trovarci nella nostra elegante boutique situata a Caluso,\u00a0a pochi passi da Torino,\u00a0a pochi chilometri da Chivasso, Ivrea, Rivarolo Canavese, Ciri\u00e8, Lein\u00ec, Caselle Torinese e Settimo Torinese, nel Canavese.<br \/>\nGr\u00e2ce \u00e0 la proximit\u00e9 des sorties d'autoroute Ivrea et San Giorgio Canavese, il est facilement accessible depuis<\/p>\n<p style=\"text-align: center;\">Valle d&#8217;Aosta\u00a0 (Aosta)<\/p>\n<p style=\"text-align: center;\">Piemonte<br \/>\n(Torino,\u00a0Alessandria,\u00a0Asti,\u00a0Biella,\u00a0Cuneo,\u00a0Novara,\u00a0Verbano-Cusio-Ossola,\u00a0Vercelli)<\/p>\n<p style=\"text-align: center;\">Liguria<br \/>\n(Genova,\u00a0Imperia,\u00a0La Spezia,\u00a0Savona)<\/p>\n<p style=\"text-align: center;\">Lombardia<br \/>\n(Bergamo,\u00a0Brescia,\u00a0Como,\u00a0Cremona,\u00a0Lecco,\u00a0Mantova,\u00a0Milano,\u00a0Lodi,\u00a0Monza e Brianza,\u00a0Pavia,\u00a0Sondrio,\u00a0Varese)<\/p>\n<p style=\"text-align: center;\">Nous sommes pr\u00eats \u00e0 vous accueillir et \u00e0 rendre votre exp\u00e9rience d'achat inoubliable.<br \/>\nR\u00e9servez d\u00e8s aujourd'hui votre rendez-vous et commencez le voyage vers le plus beau jour de votre vie avec la robe de mari\u00e9e de vos r\u00eaves.<\/p>\n\n\t\t<\/div>\n\t<\/div>\n<\/div><\/div><\/div><\/div><div class=\"vc_row wpb_row vc_row-fluid\"><div class=\"wpb_column vc_column_container vc_col-sm-12\"><div class=\"vc_column-inner\"><div class=\"wpb_wrapper\"><div class=\"vc_btn3-container vc_btn3-center\" ><a style=\"background-color:#859EB6; color:#EDF3F8;\" class=\"vc_general vc_btn3 vc_btn3-size-md vc_btn3-shape-rounded vc_btn3-style-custom\" href=\"https:\/\/wa.me\/33356794284\" title=\"\" target=\"_blank\" rel=\"noopener\">Prenez rendez-vous<\/a><\/div><\/div><\/div><\/div><\/div><div class=\"vc_row wpb_row vc_row-fluid\"><div class=\"wpb_column vc_column_container vc_col-sm-12\"><div class=\"vc_column-inner\"><div class=\"wpb_wrapper\">\n\t<div  class=\"wpb_single_image wpb_content_element vc_align_center\">\n\t\t\n\t\t<figure class=\"wpb_wrapper vc_figure\">\n\t\t\t<div class=\"vc_single_image-wrapper   vc_box_border_grey\"><img loading=\"lazy\" decoding=\"async\" width=\"150\" height=\"90\" src=\"https:\/\/www.ateliergruppocidue.it\/wp-content\/uploads\/2025\/12\/maker-mid-rosa--150x90.jpg\" class=\"vc_single_image-img attachment-thumbnail\" alt=\"maker rosa\" title=\"maker-mid-rosa-\"  data-dt-location=\"https:\/\/www.ateliergruppocidue.it\/fr\/abiti-da-sposa\/maker-mid-rosa\/\" \/><\/div>\n\t\t<\/figure>\n\t<\/div>\n\n\t<div class=\"wpb_text_column wpb_content_element\" >\n\t\t<div class=\"wpb_wrapper\">\n\t\t\t<p style=\"text-align: center;\"><a href=\"https:\/\/www.ateliergruppocidue.it\/fr\/labito-perfetto-per-il-grande-giorno\/\">La robe parfaite pour le grand jour<\/a>,\u00a0<a href=\"https:\/\/www.ateliergruppocidue.it\/fr\/scopri-i-nuovi-abiti-da-cerimonia\/\">D\u00e9couvrez les nouveaux v\u00eatements de c\u00e9r\u00e9monie<\/a>.<br \/>\nL'atelier de robes de mari\u00e9e et de costumes de mari\u00e9 est situ\u00e9 \u00e0 Caluso, agrave; quelques kilom\u00e8tres de Chivasso, Ivrea,<br \/>\nRivarolo Canavese,\u00a0Ciri\u00e8,\u00a0Lein\u00ec,\u00a0Caselle Torinese\u00a0Settimo Torinese<br \/>\nGr\u00e2ce \u00e0 la proximit\u00e9 des sorties d'autoroute Ivrea et San Giorgio Canavese, il est facilement accessible depuis<br \/>\nValle d&#8217;Aosta, Cuneo, Novara, Biella, Vercelli, Asti, Alessandria, Casale Monferrato, Torino, Milano, Genova<\/p>\n\n\t\t<\/div>\n\t<\/div>\n<\/div><\/div><\/div><\/div>\n<\/div>","protected":false},"excerpt":{"rendered":"<p>TROVA IL TUO ABITO PERFETTO PER IL GRANDE GIORNO! Sei alla ricerca di\u00a0Abiti da sposa? Non cercare oltre! Il nostro Atelier, offre una vasta gamma di abiti da sposa eleganti, moderni e su misura. Collezioni Esclusive e Personalizzate Offriamo collezioni esclusive di\u00a0Abiti da Sposa\u00a0disegnati dai migliori stilisti italiani e internazionali. Ogni abito \u00e8 realizzato con&hellip;<\/p>","protected":false},"author":1,"featured_media":555,"parent":0,"menu_order":0,"comment_status":"closed","ping_status":"closed","template":"","meta":{"footnotes":""},"class_list":["post-429","page","type-page","status-publish","has-post-thumbnail","hentry","description-off"],"_links":{"self":[{"href":"https:\/\/www.ateliergruppocidue.it\/fr\/wp-json\/wp\/v2\/pages\/429","targetHints":{"allow":["GET"]}}],"collection":[{"href":"https:\/\/www.ateliergruppocidue.it\/fr\/wp-json\/wp\/v2\/pages"}],"about":[{"href":"https:\/\/www.ateliergruppocidue.it\/fr\/wp-json\/wp\/v2\/types\/page"}],"author":[{"embeddable":true,"href":"https:\/\/www.ateliergruppocidue.it\/fr\/wp-json\/wp\/v2\/users\/1"}],"replies":[{"embeddable":true,"href":"https:\/\/www.ateliergruppocidue.it\/fr\/wp-json\/wp\/v2\/comments?post=429"}],"version-history":[{"count":1,"href":"https:\/\/www.ateliergruppocidue.it\/fr\/wp-json\/wp\/v2\/pages\/429\/revisions"}],"predecessor-version":[{"id":556,"href":"https:\/\/www.ateliergruppocidue.it\/fr\/wp-json\/wp\/v2\/pages\/429\/revisions\/556"}],"wp:featuredmedia":[{"embeddable":true,"href":"https:\/\/www.ateliergruppocidue.it\/fr\/wp-json\/wp\/v2\/media\/555"}],"wp:attachment":[{"href":"https:\/\/www.ateliergruppocidue.it\/fr\/wp-json\/wp\/v2\/media?parent=429"}],"curies":[{"name":"wp","href":"https:\/\/api.w.org\/{rel}","templated":true}]}}