{"id":434,"date":"2025-12-19T22:49:39","date_gmt":"2025-12-19T21:49:39","guid":{"rendered":"https:\/\/www.ateliergruppocidue.it\/?page_id=434"},"modified":"2026-01-16T16:35:05","modified_gmt":"2026-01-16T15:35:05","slug":"scopri-i-nuovi-abiti-da-cerimonia","status":"publish","type":"page","link":"https:\/\/www.ateliergruppocidue.it\/fr\/scopri-i-nuovi-abiti-da-cerimonia\/","title":{"rendered":"Scopri i nuovi abiti da Cerimonia"},"content":{"rendered":"<div class=\"wpb-content-wrapper\"><div class=\"vc_row wpb_row vc_row-fluid\"><div class=\"wpb_column vc_column_container vc_col-sm-12\"><div class=\"vc_column-inner\"><div class=\"wpb_wrapper\"><h2 style=\"font-size: 40px;color: #859EB6;text-align: center;font-family:EB Garamond;font-weight:400;font-style:normal\" class=\"vc_custom_heading vc_do_custom_heading\" >D\u00c9COUVREZ LES NOUVEAUX V\u00caTEMENTS DE C\u00c9R\u00c9MONIE<\/h2>\n\t<div class=\"wpb_text_column wpb_content_element\" >\n\t\t<div class=\"wpb_wrapper\">\n\t\t\t<h3 style=\"text-align: center;\">Tenues de c\u00e9r\u00e9monie : \u00e9l\u00e9gance et style sur mesure !<\/h3>\n<p style=\"text-align: center;\">Bienvenue dans notre Atelier exclusif\u00a0<strong>de robes de c\u00e9r\u00e9monie<\/strong>, l'endroit o\u00f9 l'\u00e9l\u00e9gance rencontre l'exclusivit\u00e9. Notre boutique de robes de c\u00e9r\u00e9monie est sp\u00e9cialis\u00e9e dans la cr\u00e9ation de robes sur mesure, con\u00e7ues pour rendre chaque occasion inoubliable.<\/p>\n<h3 style=\"text-align: center;\">Costumes de c\u00e9r\u00e9monie sur mesure<\/h3>\n<p style=\"text-align: center;\">Les v\u00eatements de c\u00e9r\u00e9monie sont r\u00e9alis\u00e9s avec soin et attention aux d\u00e9tails. Nous n'utilisons que les meilleurs tissus et mat\u00e9riaux.<br \/>\nNotre \u00e9quipe d'experts en couture travaille en \u00e9troite collaboration avec vous pour cr\u00e9er un v\u00eatement qui refl\u00e8te parfaitement votre style personnel et vos besoins.<br \/>\nQue vous recherchiez une robe de mari\u00e9e, une robe de soir\u00e9e ou une tenue \u00e9l\u00e9gante pour un \u00e9v\u00e9nement sp\u00e9cial, notre atelier est le choix id\u00e9al pour ceux qui souhaitent une robe de c\u00e9r\u00e9monie unique et de haute qualit\u00e9.<\/p>\n\n\t\t<\/div>\n\t<\/div>\n\n\t<div  class=\"wpb_single_image wpb_content_element vc_align_center\">\n\t\t\n\t\t<figure class=\"wpb_wrapper vc_figure\">\n\t\t\t<div class=\"vc_single_image-wrapper   vc_box_border_grey\"><img loading=\"lazy\" decoding=\"async\" width=\"150\" height=\"45\" src=\"https:\/\/www.ateliergruppocidue.it\/wp-content\/uploads\/2025\/12\/divider-floreal-150x45.jpg\" class=\"vc_single_image-img attachment-thumbnail\" alt=\"divider\" title=\"divider-floreal\"  data-dt-location=\"https:\/\/www.ateliergruppocidue.it\/fr\/atelier-gruppo-ci-due\/divider-floreal\/\" \/><\/div>\n\t\t<\/figure>\n\t<\/div>\n<\/div><\/div><\/div><\/div><div class=\"vc_row wpb_row vc_row-fluid\"><div class=\"wpb_column vc_column_container vc_col-sm-4 vc_col-has-fill\"><div class=\"vc_column-inner vc_custom_1766441082180\"><div class=\"wpb_wrapper\">\n\t<div  class=\"wpb_single_image wpb_content_element vc_align_center\">\n\t\t\n\t\t<figure class=\"wpb_wrapper vc_figure\">\n\t\t\t<a href=\"https:\/\/www.ateliergruppocidue.it\/fr\/\" target=\"_self\"  class=\"vc_single_image-wrapper   vc_box_border_grey rollover\"   ><img loading=\"lazy\" decoding=\"async\" width=\"300\" height=\"175\" src=\"https:\/\/www.ateliergruppocidue.it\/wp-content\/uploads\/2025\/12\/atelier-torino-300x175.jpg\" class=\"vc_single_image-img attachment-medium\" alt=\"\" title=\"atelier-torino\" srcset=\"https:\/\/www.ateliergruppocidue.it\/wp-content\/uploads\/2025\/12\/atelier-torino-300x175.jpg 300w, https:\/\/www.ateliergruppocidue.it\/wp-content\/uploads\/2025\/12\/atelier-torino.jpg 456w\" sizes=\"auto, (max-width: 300px) 100vw, 300px\"  data-dt-location=\"https:\/\/www.ateliergruppocidue.it\/fr\/scopri-i-nuovi-abiti-da-cerimonia\/atelier-torino\/\" \/><\/a>\n\t\t<\/figure>\n\t<\/div>\n<h2 style=\"font-size: 30px;text-align: center;font-family:EB Garamond;font-weight:400;font-style:normal\" class=\"vc_custom_heading vc_do_custom_heading\" ><a href=\"https:\/\/www.bersinicomunicazione.it\/lavorazione\/\" target=\"_blank\" rel=\"noopener\">Atelier &amp; Showroom<\/a><\/h2>\n\t<div class=\"wpb_text_column wpb_content_element\" >\n\t\t<div class=\"wpb_wrapper\">\n\t\t\t<p style=\"text-align: center;\">Atelier e Showroom\u00a0<strong>de robes de c\u00e9r\u00e9monie<\/strong>, robes de mari\u00e9e et costumes de mari\u00e9\u00a0<strong>\u00e0 Caluso,<\/strong> enrichis de broderies et de tissus fran\u00e7ais. Venez d\u00e9couvrir nos collections.<br \/>\nVenite a scoprire le nostre collezioni.<\/p>\n\n\t\t<\/div>\n\t<\/div>\n<\/div><\/div><\/div><div class=\"wpb_column vc_column_container vc_col-sm-4 vc_col-has-fill\"><div class=\"vc_column-inner vc_custom_1766439591375\"><div class=\"wpb_wrapper\">\n\t<div  class=\"wpb_single_image wpb_content_element vc_align_center\">\n\t\t\n\t\t<figure class=\"wpb_wrapper vc_figure\">\n\t\t\t<a href=\"https:\/\/www.ateliergruppocidue.it\/fr\/abiti-da-sposa\/\" target=\"_self\" class=\"vc_single_image-wrapper   vc_box_border_grey rollover\"><img loading=\"lazy\" decoding=\"async\" width=\"300\" height=\"175\" src=\"https:\/\/www.ateliergruppocidue.it\/wp-content\/uploads\/2025\/12\/abiti-sposa-torino-300x175.jpg\" class=\"vc_single_image-img attachment-medium\" alt=\"\" title=\"abiti-sposa-torino\" srcset=\"https:\/\/www.ateliergruppocidue.it\/wp-content\/uploads\/2025\/12\/abiti-sposa-torino-300x175.jpg 300w, https:\/\/www.ateliergruppocidue.it\/wp-content\/uploads\/2025\/12\/abiti-sposa-torino.jpg 456w\" sizes=\"auto, (max-width: 300px) 100vw, 300px\"  data-dt-location=\"https:\/\/www.ateliergruppocidue.it\/fr\/scopri-i-nuovi-abiti-da-cerimonia\/abiti-sposa-torino\/\" \/><\/a>\n\t\t<\/figure>\n\t<\/div>\n<h2 style=\"font-size: 30px;text-align: center;font-family:EB Garamond;font-weight:400;font-style:normal\" class=\"vc_custom_heading vc_do_custom_heading\" ><a href=\"https:\/\/www.bersinicomunicazione.it\/lavorazione\/abiti-da-sposa\/\" target=\"_blank\" rel=\"noopener\">Robes de Mari\u00e9e<\/a><\/h2>\n\t<div class=\"wpb_text_column wpb_content_element\" >\n\t\t<div class=\"wpb_wrapper\">\n\t\t\t<p style=\"text-align: center;\"><strong>Robes de mari\u00e9e \u00e0 Caluso<\/strong>, venez d\u00e9couvrir nos collections 2024, nous offrons un large assortiment de robes intemporelles. Nous sommes leaders dans le secteur depuis plus de 20 ans<\/p>\n\n\t\t<\/div>\n\t<\/div>\n<\/div><\/div><\/div><div class=\"wpb_column vc_column_container vc_col-sm-4 vc_col-has-fill\"><div class=\"vc_column-inner vc_custom_1766439804906\"><div class=\"wpb_wrapper\">\n\t<div  class=\"wpb_single_image wpb_content_element vc_align_center\">\n\t\t\n\t\t<figure class=\"wpb_wrapper vc_figure\">\n\t\t\t<a href=\"https:\/\/www.ateliergruppocidue.it\/fr\/abiti-da-sposo\/\" target=\"_self\" class=\"vc_single_image-wrapper   vc_box_border_grey rollover\"><img loading=\"lazy\" decoding=\"async\" width=\"300\" height=\"175\" src=\"https:\/\/www.ateliergruppocidue.it\/wp-content\/uploads\/2025\/12\/abiti-sposo-torino-300x175.jpg\" class=\"vc_single_image-img attachment-medium\" alt=\"\" title=\"abiti-sposo-torino\" srcset=\"https:\/\/www.ateliergruppocidue.it\/wp-content\/uploads\/2025\/12\/abiti-sposo-torino-300x175.jpg 300w, https:\/\/www.ateliergruppocidue.it\/wp-content\/uploads\/2025\/12\/abiti-sposo-torino.jpg 456w\" sizes=\"auto, (max-width: 300px) 100vw, 300px\"  data-dt-location=\"https:\/\/www.ateliergruppocidue.it\/fr\/scopri-i-nuovi-abiti-da-cerimonia\/abiti-sposo-torino\/\" \/><\/a>\n\t\t<\/figure>\n\t<\/div>\n<h2 style=\"font-size: 30px;text-align: center;font-family:EB Garamond;font-weight:400;font-style:normal\" class=\"vc_custom_heading vc_do_custom_heading\" ><a href=\"https:\/\/www.bersinicomunicazione.it\/lavorazione\/abiti-da-sposo\/\" target=\"_blank\" rel=\"noopener\">Costumes de mari\u00e9<\/a><\/h2>\n\t<div class=\"wpb_text_column wpb_content_element\" >\n\t\t<div class=\"wpb_wrapper\">\n\t\t\t<p style=\"text-align: center;\"><strong>Costumes de mariage \u00e0 Caluso<\/strong>, l\u2019Atelier Gruppo Ci Due, propose des costumes des meilleures marques.<br \/>\nGr\u00e2ce \u00e0 la passion et \u00e0 l'exp\u00e9rience acquise, vous trouverez chez nous la robe pour le jour le plus important.<\/p>\n\n\t\t<\/div>\n\t<\/div>\n<\/div><\/div><\/div><\/div><div class=\"vc_row wpb_row vc_row-fluid\"><div class=\"wpb_column vc_column_container vc_col-sm-4 vc_col-has-fill\"><div class=\"vc_column-inner vc_custom_1766440392690\"><div class=\"wpb_wrapper\">\n\t<div  class=\"wpb_single_image wpb_content_element vc_align_center\">\n\t\t\n\t\t<figure class=\"wpb_wrapper vc_figure\">\n\t\t\t<a href=\"https:\/\/www.ateliergruppocidue.it\/fr\/abiti-da-cerimonia\/\" target=\"_self\" class=\"vc_single_image-wrapper   vc_box_border_grey rollover\"><img loading=\"lazy\" decoding=\"async\" width=\"300\" height=\"175\" src=\"https:\/\/www.ateliergruppocidue.it\/wp-content\/uploads\/2025\/12\/abiti-cerimonia-asti-300x175.jpg\" class=\"vc_single_image-img attachment-medium\" alt=\"abiti da cerimonia su misura vera esclusivit\u00e0\" title=\"abiti-cerimonia-asti\" srcset=\"https:\/\/www.ateliergruppocidue.it\/wp-content\/uploads\/2025\/12\/abiti-cerimonia-asti-300x175.jpg 300w, https:\/\/www.ateliergruppocidue.it\/wp-content\/uploads\/2025\/12\/abiti-cerimonia-asti.jpg 456w\" sizes=\"auto, (max-width: 300px) 100vw, 300px\"  data-dt-location=\"https:\/\/www.ateliergruppocidue.it\/fr\/scopri-i-nuovi-abiti-da-cerimonia\/abiti-cerimonia-asti\/\" \/><\/a>\n\t\t<\/figure>\n\t<\/div>\n<h2 style=\"font-size: 30px;text-align: center;font-family:EB Garamond;font-weight:400;font-style:normal\" class=\"vc_custom_heading vc_do_custom_heading\" ><a href=\"https:\/\/www.bersinicomunicazione.it\/lavorazione\/abiti-da-cerimonia\/\" target=\"_blank\" rel=\"noopener\">Robes de c\u00e9r\u00e9monie<\/a><\/h2>\n\t<div class=\"wpb_text_column wpb_content_element\" >\n\t\t<div class=\"wpb_wrapper\">\n\t\t\t<p style=\"text-align: center;\"><strong>Robes de c\u00e9r\u00e9monie a Caluso<\/strong>\u00a0et ses environs, une large vari\u00e9t\u00e9 de robes \u00e9l\u00e9gantes de styles diff\u00e9rents et originaux. Robes de soir\u00e9e en tissus pr\u00e9cieux, chiffon, velours, satin, dentelle, combinaisons et tailleurs pour chaque occasion.<\/p>\n\n\t\t<\/div>\n\t<\/div>\n<\/div><\/div><\/div><div class=\"wpb_column vc_column_container vc_col-sm-4 vc_col-has-fill\"><div class=\"vc_column-inner vc_custom_1766439591375\"><div class=\"wpb_wrapper\">\n\t<div  class=\"wpb_single_image wpb_content_element vc_align_center\">\n\t\t\n\t\t<figure class=\"wpb_wrapper vc_figure\">\n\t\t\t<a href=\"https:\/\/www.ateliergruppocidue.it\/fr\/accessori-per-sposi\/\" target=\"_self\" class=\"vc_single_image-wrapper   vc_box_border_grey rollover\"><img loading=\"lazy\" decoding=\"async\" width=\"300\" height=\"175\" src=\"https:\/\/www.ateliergruppocidue.it\/wp-content\/uploads\/2025\/12\/accessori-sposi-torino-300x175.jpg\" class=\"vc_single_image-img attachment-medium\" alt=\"\" title=\"accessori-sposi-torino\" srcset=\"https:\/\/www.ateliergruppocidue.it\/wp-content\/uploads\/2025\/12\/accessori-sposi-torino-300x175.jpg 300w, https:\/\/www.ateliergruppocidue.it\/wp-content\/uploads\/2025\/12\/accessori-sposi-torino.jpg 456w\" sizes=\"auto, (max-width: 300px) 100vw, 300px\"  data-dt-location=\"https:\/\/www.ateliergruppocidue.it\/fr\/scopri-i-nuovi-abiti-da-cerimonia\/accessori-sposi-torino\/\" \/><\/a>\n\t\t<\/figure>\n\t<\/div>\n<h2 style=\"font-size: 30px;text-align: center;font-family:EB Garamond;font-weight:400;font-style:normal\" class=\"vc_custom_heading vc_do_custom_heading\" ><a href=\"https:\/\/www.bersinicomunicazione.it\/lavorazione\/accessori-per-sposi\/\" target=\"_blank\" rel=\"noopener\">Accessoires pour mari\u00e9s<\/a><\/h2>\n\t<div class=\"wpb_text_column wpb_content_element\" >\n\t\t<div class=\"wpb_wrapper\">\n\t\t\t<p style=\"text-align: center;\"><strong>Accessoires pour mari\u00e9s a Caluso<\/strong>dans notre atelier, vous trouverez les accessoires parfaits pour ajouter une touche de raffinement \u00e0 votre look. Chapeaux, ceintures, gants en satin et bien plus encore.<\/p>\n\n\t\t<\/div>\n\t<\/div>\n<\/div><\/div><\/div><div class=\"wpb_column vc_column_container vc_col-sm-4 vc_col-has-fill\"><div class=\"vc_column-inner vc_custom_1766440109094\"><div class=\"wpb_wrapper\">\n\t<div  class=\"wpb_single_image wpb_content_element vc_align_center\">\n\t\t\n\t\t<figure class=\"wpb_wrapper vc_figure\">\n\t\t\t<a href=\"https:\/\/www.ateliergruppocidue.it\/fr\/abiti-da-cerimonia\/\" target=\"_self\" class=\"vc_single_image-wrapper   vc_box_border_grey rollover\"><img loading=\"lazy\" decoding=\"async\" width=\"300\" height=\"175\" src=\"https:\/\/www.ateliergruppocidue.it\/wp-content\/uploads\/2025\/12\/abiti-cerimonia-bambini-torino-300x175.jpg\" class=\"vc_single_image-img attachment-medium\" alt=\"abiti da cerimonia su misura vera esclusivit\u00e0\" title=\"abiti-cerimonia-bambini-torino\" srcset=\"https:\/\/www.ateliergruppocidue.it\/wp-content\/uploads\/2025\/12\/abiti-cerimonia-bambini-torino-300x175.jpg 300w, https:\/\/www.ateliergruppocidue.it\/wp-content\/uploads\/2025\/12\/abiti-cerimonia-bambini-torino.jpg 456w\" sizes=\"auto, (max-width: 300px) 100vw, 300px\"  data-dt-location=\"https:\/\/www.ateliergruppocidue.it\/fr\/scopri-i-nuovi-abiti-da-cerimonia\/abiti-cerimonia-bambini-torino\/\" \/><\/a>\n\t\t<\/figure>\n\t<\/div>\n<h2 style=\"font-size: 30px;text-align: center;font-family:EB Garamond;font-weight:400;font-style:normal\" class=\"vc_custom_heading vc_do_custom_heading\" ><a href=\"https:\/\/www.bersinicomunicazione.it\/lavorazione\/abiti-da-cerimonia\/\" target=\"_blank\" rel=\"noopener\">V\u00eatements de c\u00e9r\u00e9monie pour enfants<\/a><\/h2>\n\t<div class=\"wpb_text_column wpb_content_element\" >\n\t\t<div class=\"wpb_wrapper\">\n\t\t\t<p style=\"text-align: center;\"><strong>V\u00eatements de c\u00e9r\u00e9monie pour enfants \u00e0 Caluso.<\/strong>.<br \/>\nChez nous, toutes les derni\u00e8res collections de v\u00eatements de c\u00e9r\u00e9monie pour gar\u00e7ons et filles ; pour la premi\u00e8re communion, la f\u00eate d'anniversaire ou une occasion \u00e9l\u00e9gante.<\/p>\n\n\t\t<\/div>\n\t<\/div>\n<\/div><\/div><\/div><\/div><div class=\"vc_row wpb_row vc_row-fluid\"><div class=\"wpb_column vc_column_container vc_col-sm-12\"><div class=\"vc_column-inner\"><div class=\"wpb_wrapper\"><div class=\"vc_empty_space\"   style=\"height: 32px\"><span class=\"vc_empty_space_inner\"><\/span><\/div><div class=\"vc_btn3-container vc_btn3-center\" ><a style=\"background-color:#859EB6; color:#EDF3F8;\" class=\"vc_general vc_btn3 vc_btn3-size-md vc_btn3-shape-rounded vc_btn3-style-custom\" href=\"https:\/\/wa.me\/33356794284\" title=\"\" target=\"_blank\" rel=\"noopener\">Prenez rendez-vous<\/a><\/div><\/div><\/div><\/div><\/div><div class=\"vc_row wpb_row vc_row-fluid\"><div class=\"wpb_column vc_column_container vc_col-sm-12\"><div class=\"vc_column-inner\"><div class=\"wpb_wrapper\">\n\t<div  class=\"wpb_single_image wpb_content_element vc_align_center\">\n\t\t\n\t\t<figure class=\"wpb_wrapper vc_figure\">\n\t\t\t<div class=\"vc_single_image-wrapper   vc_box_border_grey\"><img loading=\"lazy\" decoding=\"async\" width=\"150\" height=\"90\" src=\"https:\/\/www.ateliergruppocidue.it\/wp-content\/uploads\/2025\/12\/maker-mid-rosa--150x90.jpg\" class=\"vc_single_image-img attachment-thumbnail\" alt=\"maker rosa\" title=\"maker-mid-rosa-\"  data-dt-location=\"https:\/\/www.ateliergruppocidue.it\/fr\/abiti-da-sposa\/maker-mid-rosa\/\" \/><\/div>\n\t\t<\/figure>\n\t<\/div>\n\n\t<div class=\"wpb_text_column wpb_content_element\" >\n\t\t<div class=\"wpb_wrapper\">\n\t\t\t<p align=\"CENTER\"><a href=\"https:\/\/www.ateliergruppocidue.it\/fr\/labito-perfetto-per-il-grande-giorno\/\">La robe parfaite pour le grand jour<\/a>,\u00a0<a href=\"https:\/\/www.ateliergruppocidue.it\/fr\/scopri-i-nuovi-abiti-da-cerimonia\/\">D\u00e9couvrez les nouveaux v\u00eatements de c\u00e9r\u00e9monie<\/a>.<br \/>\nL'atelier de robes de mari\u00e9e et de costumes de mari\u00e9 est situ\u00e9 \u00e0 Caluso, agrave; quelques kilom\u00e8tres de Chivasso, Ivrea,<br \/>\nRivarolo Canavese,\u00a0Ciri\u00e8,\u00a0Lein\u00ec,\u00a0Caselle Torinese\u00a0Settimo Torinese<br \/>\nGr\u00e2ce \u00e0 la proximit\u00e9 des sorties d'autoroute Ivrea et San Giorgio Canavese, il est facilement accessible depuis<br \/>\nValle d&#8217;Aosta, Cuneo, Novara, Biella, Vercelli, Asti, Alessandria, Casale Monferrato, Torino, Milano, Genova<\/p>\n\n\t\t<\/div>\n\t<\/div>\n<\/div><\/div><\/div><\/div>\n<\/div>","protected":false},"excerpt":{"rendered":"<p>SCOPRI I NUOVI ABITI PER CERIMONIA Abiti da Cerimonia: Eleganza e stile su misura ! Benvenuti nel nostro esclusivo Atelier di\u00a0Abiti da Cerimonia, il luogo dove l&#8217;eleganza incontra l&#8217;esclusivit\u00e0. Il nostro negozio di abiti da cerimonia \u00e8 specializzato nella creazione di abiti su misura, pensati per rendere ogni occasione indimenticabile. Abiti per Cerimonia su Misura&hellip;<\/p>","protected":false},"author":1,"featured_media":561,"parent":0,"menu_order":0,"comment_status":"closed","ping_status":"closed","template":"","meta":{"footnotes":""},"class_list":["post-434","page","type-page","status-publish","has-post-thumbnail","hentry","description-off"],"_links":{"self":[{"href":"https:\/\/www.ateliergruppocidue.it\/fr\/wp-json\/wp\/v2\/pages\/434","targetHints":{"allow":["GET"]}}],"collection":[{"href":"https:\/\/www.ateliergruppocidue.it\/fr\/wp-json\/wp\/v2\/pages"}],"about":[{"href":"https:\/\/www.ateliergruppocidue.it\/fr\/wp-json\/wp\/v2\/types\/page"}],"author":[{"embeddable":true,"href":"https:\/\/www.ateliergruppocidue.it\/fr\/wp-json\/wp\/v2\/users\/1"}],"replies":[{"embeddable":true,"href":"https:\/\/www.ateliergruppocidue.it\/fr\/wp-json\/wp\/v2\/comments?post=434"}],"version-history":[{"count":1,"href":"https:\/\/www.ateliergruppocidue.it\/fr\/wp-json\/wp\/v2\/pages\/434\/revisions"}],"predecessor-version":[{"id":562,"href":"https:\/\/www.ateliergruppocidue.it\/fr\/wp-json\/wp\/v2\/pages\/434\/revisions\/562"}],"wp:featuredmedia":[{"embeddable":true,"href":"https:\/\/www.ateliergruppocidue.it\/fr\/wp-json\/wp\/v2\/media\/561"}],"wp:attachment":[{"href":"https:\/\/www.ateliergruppocidue.it\/fr\/wp-json\/wp\/v2\/media?parent=434"}],"curies":[{"name":"wp","href":"https:\/\/api.w.org\/{rel}","templated":true}]}}