{"id":76,"date":"2025-12-18T18:56:34","date_gmt":"2025-12-18T17:56:34","guid":{"rendered":"https:\/\/www.ateliergruppocidue.it\/?page_id=76"},"modified":"2026-01-16T15:45:14","modified_gmt":"2026-01-16T14:45:14","slug":"atelier","status":"publish","type":"page","link":"https:\/\/www.ateliergruppocidue.it\/fr\/atelier\/","title":{"rendered":"Atelier"},"content":{"rendered":"<div class=\"wpb-content-wrapper\"><div class=\"vc_row wpb_row vc_row-fluid\"><div class=\"wpb_column vc_column_container vc_col-sm-12\"><div class=\"vc_column-inner\"><div class=\"wpb_wrapper\"><h2 style=\"font-size: 50px;color: #859EB6;text-align: center;font-family:EB Garamond;font-weight:400;font-style:normal\" class=\"vc_custom_heading vc_do_custom_heading\" >LA PHILOSOPHIE<\/h2>\n\t<div class=\"wpb_text_column wpb_content_element\" >\n\t\t<div class=\"wpb_wrapper\">\n\t\t\t<h3 style=\"text-align: center;\">Robes de mari\u00e9e et costumes de mari\u00e9 des meilleures marques<\/h3>\n\n\t\t<\/div>\n\t<\/div>\n\n\t<div class=\"wpb_text_column wpb_content_element\" >\n\t\t<div class=\"wpb_wrapper\">\n\t\t\t<p style=\"text-align: center;\">Le Groupe Ci Due Atelier se concentre sur la satisfaction des besoins des clients. Elle propose\u00a0<strong>Costumes de mariage et de mari\u00e9<\/strong>\u00a0des costumes de mariage et de mari\u00e9 des meilleures marques italiennes et internationales dont Morilee, Carlo Pignatelli, Pronovias et Madelin Gardner, des marques historiques et excellentes.<br \/>\nNous nous engageons \u00e0 transmettre ar\u00f4me, \u00e9motions et s\u00e9r\u00e9nit\u00e9 \u00e0 travers nos v\u00eatements, en les agr\u00e9mentant d'accessoires et de raffinements vestimentaires qui mettront en valeur au maximum votre personnalit\u00e9.<\/p>\n<div class=\"divider-floreal\" style=\"text-align: center;\"><\/div>\n\n\t\t<\/div>\n\t<\/div>\n<\/div><\/div><\/div><\/div><div class=\"vc_row wpb_row vc_row-fluid\"><div class=\"wpb_column vc_column_container vc_col-sm-3\"><div class=\"vc_column-inner\"><div class=\"wpb_wrapper\"><\/div><\/div><\/div><div class=\"wpb_column vc_column_container vc_col-sm-6\"><div class=\"vc_column-inner\"><div class=\"wpb_wrapper\">\n\t<div  class=\"wpb_single_image wpb_content_element vc_align_center\">\n\t\t\n\t\t<figure class=\"wpb_wrapper vc_figure\">\n\t\t\t<div class=\"vc_single_image-wrapper   vc_box_border_grey\"><img loading=\"lazy\" decoding=\"async\" width=\"270\" height=\"45\" src=\"https:\/\/www.ateliergruppocidue.it\/wp-content\/uploads\/2025\/12\/divider-floreal.jpg\" class=\"vc_single_image-img attachment-large\" alt=\"divider\" title=\"divider-floreal\"  data-dt-location=\"https:\/\/www.ateliergruppocidue.it\/fr\/atelier-gruppo-ci-due\/divider-floreal\/\" \/><\/div>\n\t\t<\/figure>\n\t<\/div>\n<\/div><\/div><\/div><div class=\"wpb_column vc_column_container vc_col-sm-3\"><div class=\"vc_column-inner\"><div class=\"wpb_wrapper\"><\/div><\/div><\/div><\/div><div class=\"vc_row wpb_row vc_row-fluid vc_custom_1766081252199 vc_row-has-fill\"><div class=\"wpb_column vc_column_container vc_col-sm-3 vc_hidden-xs\"><div class=\"vc_column-inner\"><div class=\"wpb_wrapper\">\n\t<div  class=\"wpb_single_image wpb_content_element vc_align_left\">\n\t\t\n\t\t<figure class=\"wpb_wrapper vc_figure\">\n\t\t\t<div class=\"vc_single_image-wrapper   vc_box_border_grey\"><img loading=\"lazy\" decoding=\"async\" width=\"287\" height=\"300\" src=\"https:\/\/www.ateliergruppocidue.it\/wp-content\/uploads\/2025\/12\/14022024110310-collezioni-287x300.jpg\" class=\"vc_single_image-img attachment-medium\" alt=\"collezioni\" title=\"14022024110310-collezioni\" srcset=\"https:\/\/www.ateliergruppocidue.it\/wp-content\/uploads\/2025\/12\/14022024110310-collezioni-287x300.jpg 287w, https:\/\/www.ateliergruppocidue.it\/wp-content\/uploads\/2025\/12\/14022024110310-collezioni.jpg 430w\" sizes=\"auto, (max-width: 287px) 100vw, 287px\"  data-dt-location=\"https:\/\/www.ateliergruppocidue.it\/fr\/atelier\/14022024110310-collezioni\/\" \/><\/div>\n\t\t<\/figure>\n\t<\/div>\n<\/div><\/div><\/div><div class=\"wpb_column vc_column_container vc_col-sm-9 vc_hidden-xs\"><div class=\"vc_column-inner\"><div class=\"wpb_wrapper\"><h2 style=\"font-size: 50px;color: #859EB6;text-align: left;font-family:EB Garamond;font-weight:400;font-style:normal\" class=\"vc_custom_heading vc_do_custom_heading\" >LES COLLECTIONS<\/h2>\n\t<div class=\"wpb_text_column wpb_content_element\" >\n\t\t<div class=\"wpb_wrapper\">\n\t\t\t<p>Nous produisons des costumes sur mesure con\u00e7us par nos stylistes internes, de la plus haute qualit\u00e9 et raffinement avec des tissus en soie et dentelle, des robes de mari\u00e9e brod\u00e9es de diff\u00e9rentes couleurs et tissus.<\/p>\n<p>Le haut niveau de couture et le savoir-faire soign\u00e9 sont les principales caract\u00e9ristiques de l'Atelier Gruppo Ci Due, qui propose des v\u00eatements adapt\u00e9s \u00e0 tous les go\u00fbts et \u00e0 tous les besoins, des robes amples et fluides, simples et agr\u00e9ment\u00e9es de broderies \u00e0 la main, de dentelles et de tissus fran\u00e7ais.<\/p>\n<p>La riche vari\u00e9t\u00e9 de mod\u00e8les trouv\u00e9s dans notre showroom enti\u00e8rement r\u00e9nov\u00e9, offrent aux hommes et aux femmes d'innombrables solutions pour choisir le costume parfait<br \/>\n<strong>Atelier Gruppo Ci Due<\/strong>\u00a0propose un grand atelier de couture interne qui r\u00e9alise sur mesure et confectionne chaque type de robe que vous d\u00e9sirez, une pi\u00e8ce unique.<\/p>\n\n\t\t<\/div>\n\t<\/div>\n<\/div><\/div><\/div><\/div><div class=\"vc_row wpb_row vc_row-fluid vc_custom_1766081252199 vc_row-has-fill\"><div class=\"wpb_column vc_column_container vc_col-sm-3 vc_hidden-lg\"><div class=\"vc_column-inner\"><div class=\"wpb_wrapper\">\n\t<div  class=\"wpb_single_image wpb_content_element vc_align_center\">\n\t\t\n\t\t<figure class=\"wpb_wrapper vc_figure\">\n\t\t\t<div class=\"vc_single_image-wrapper   vc_box_border_grey\"><img loading=\"lazy\" decoding=\"async\" width=\"287\" height=\"300\" src=\"https:\/\/www.ateliergruppocidue.it\/wp-content\/uploads\/2025\/12\/14022024110310-collezioni-287x300.jpg\" class=\"vc_single_image-img attachment-medium\" alt=\"collezioni\" title=\"14022024110310-collezioni\" srcset=\"https:\/\/www.ateliergruppocidue.it\/wp-content\/uploads\/2025\/12\/14022024110310-collezioni-287x300.jpg 287w, https:\/\/www.ateliergruppocidue.it\/wp-content\/uploads\/2025\/12\/14022024110310-collezioni.jpg 430w\" sizes=\"auto, (max-width: 287px) 100vw, 287px\"  data-dt-location=\"https:\/\/www.ateliergruppocidue.it\/fr\/atelier\/14022024110310-collezioni\/\" \/><\/div>\n\t\t<\/figure>\n\t<\/div>\n<\/div><\/div><\/div><div class=\"wpb_column vc_column_container vc_col-sm-9 vc_hidden-lg\"><div class=\"vc_column-inner\"><div class=\"wpb_wrapper\"><h2 style=\"font-size: 40px;color: #859EB6;text-align: center;font-family:EB Garamond;font-weight:400;font-style:normal\" class=\"vc_custom_heading vc_do_custom_heading\" >LES COLLECTIONS<\/h2>\n\t<div class=\"wpb_text_column wpb_content_element\" >\n\t\t<div class=\"wpb_wrapper\">\n\t\t\t<p style=\"text-align: center;\">Nous produisons des costumes sur mesure con\u00e7us par nos stylistes internes, de la plus haute qualit\u00e9 et raffinement avec des tissus en soie et dentelle, des robes de mari\u00e9e brod\u00e9es de diff\u00e9rentes couleurs et tissus.<\/p>\n<p style=\"text-align: center;\">Le haut niveau de couture et le savoir-faire soign\u00e9 sont les principales caract\u00e9ristiques de l'Atelier Gruppo Ci Due, qui propose des v\u00eatements adapt\u00e9s \u00e0 tous les go\u00fbts et \u00e0 tous les besoins, des robes amples et fluides, simples et agr\u00e9ment\u00e9es de broderies \u00e0 la main, de dentelles et de tissus fran\u00e7ais.<\/p>\n<p style=\"text-align: center;\">La riche vari\u00e9t\u00e9 de mod\u00e8les trouv\u00e9s dans notre showroom enti\u00e8rement r\u00e9nov\u00e9, offrent aux hommes et aux femmes d'innombrables solutions pour choisir le costume parfait<br \/>\n<strong>Atelier Gruppo Ci Due<\/strong>\u00a0propose un grand atelier de couture interne qui r\u00e9alise sur mesure et confectionne chaque type de robe que vous d\u00e9sirez, une pi\u00e8ce unique.<\/p>\n\n\t\t<\/div>\n\t<\/div>\n<\/div><\/div><\/div><\/div><div class=\"vc_row wpb_row vc_row-fluid\"><div class=\"wpb_column vc_column_container vc_col-sm-3\"><div class=\"vc_column-inner\"><div class=\"wpb_wrapper\"><\/div><\/div><\/div><div class=\"wpb_column vc_column_container vc_col-sm-6\"><div class=\"vc_column-inner\"><div class=\"wpb_wrapper\">\n\t<div  class=\"wpb_single_image wpb_content_element vc_align_center\">\n\t\t\n\t\t<figure class=\"wpb_wrapper vc_figure\">\n\t\t\t<div class=\"vc_single_image-wrapper   vc_box_border_grey\"><img loading=\"lazy\" decoding=\"async\" width=\"150\" height=\"45\" src=\"https:\/\/www.ateliergruppocidue.it\/wp-content\/uploads\/2025\/12\/divider-floreal-150x45.jpg\" class=\"vc_single_image-img attachment-thumbnail\" alt=\"divider\" title=\"divider-floreal\"  data-dt-location=\"https:\/\/www.ateliergruppocidue.it\/fr\/atelier-gruppo-ci-due\/divider-floreal\/\" \/><\/div>\n\t\t<\/figure>\n\t<\/div>\n<\/div><\/div><\/div><div class=\"wpb_column vc_column_container vc_col-sm-3\"><div class=\"vc_column-inner\"><div class=\"wpb_wrapper\"><\/div><\/div><\/div><\/div><div class=\"vc_row wpb_row vc_row-fluid vc_custom_1766081252199 vc_row-has-fill\"><div class=\"wpb_column vc_column_container vc_col-sm-8 vc_hidden-xs\"><div class=\"vc_column-inner\"><div class=\"wpb_wrapper\"><h2 style=\"font-size: 50px;color: #859EB6;text-align: left;font-family:EB Garamond;font-weight:400;font-style:normal\" class=\"vc_custom_heading vc_do_custom_heading\" >ADAPTATION<\/h2>\n\t<div class=\"wpb_text_column wpb_content_element\" >\n\t\t<div class=\"wpb_wrapper\">\n\t\t\t<p>Nous disposons d'un service de couture interne o\u00f9 nous pouvons offrir un travail de couture de la plus haute qualit\u00e9. assurant une excellente finition. Nous pouvons satisfaire tous vos besoins gr\u00e2ce \u00e0 dix ans d'exp\u00e9rience de notre personnel.<\/p>\n<p>De la simple r\u00e9paration \u00e0 l'adaptation \u00e0 une nouvelle taille de la robe choisie. Nous confectionnons des costumes de mariage et de mari\u00e9, des costumes pour c\u00e9r\u00e9monies, communions et bapt\u00eames.<\/p>\n<p>Dans notre Atelier Piemonte Sposi Gruppo Ci Due,\u00a0<strong>Atelier Piemonte Sposi<\/strong>nous prenons soin de chaque d\u00e9tail \u00e0 la perfection.<\/p>\n\n\t\t<\/div>\n\t<\/div>\n<\/div><\/div><\/div><div class=\"wpb_column vc_column_container vc_col-sm-4 vc_hidden-xs\"><div class=\"vc_column-inner\"><div class=\"wpb_wrapper\">\n\t<div  class=\"wpb_single_image wpb_content_element vc_align_left\">\n\t\t\n\t\t<figure class=\"wpb_wrapper vc_figure\">\n\t\t\t<div class=\"vc_single_image-wrapper   vc_box_border_grey\"><img loading=\"lazy\" decoding=\"async\" width=\"287\" height=\"300\" src=\"https:\/\/www.ateliergruppocidue.it\/wp-content\/uploads\/2025\/12\/14022024110321-sartoria-287x300.jpg\" class=\"vc_single_image-img attachment-medium\" alt=\"sartoria\" title=\"14022024110321-sartoria\" srcset=\"https:\/\/www.ateliergruppocidue.it\/wp-content\/uploads\/2025\/12\/14022024110321-sartoria-287x300.jpg 287w, https:\/\/www.ateliergruppocidue.it\/wp-content\/uploads\/2025\/12\/14022024110321-sartoria.jpg 430w\" sizes=\"auto, (max-width: 287px) 100vw, 287px\"  data-dt-location=\"https:\/\/www.ateliergruppocidue.it\/fr\/atelier\/14022024110321-sartoria\/\" \/><\/div>\n\t\t<\/figure>\n\t<\/div>\n<\/div><\/div><\/div><\/div><div class=\"vc_row wpb_row vc_row-fluid vc_custom_1766081252199 vc_row-has-fill\"><div class=\"wpb_column vc_column_container vc_col-sm-8 vc_hidden-lg\"><div class=\"vc_column-inner\"><div class=\"wpb_wrapper\"><h2 style=\"font-size: 40px;color: #859EB6;text-align: center;font-family:EB Garamond;font-weight:400;font-style:normal\" class=\"vc_custom_heading vc_do_custom_heading\" >ADAPTATION<\/h2>\n\t<div class=\"wpb_text_column wpb_content_element\" >\n\t\t<div class=\"wpb_wrapper\">\n\t\t\t<p style=\"text-align: center;\">Nous disposons d'un service de couture interne o\u00f9 nous pouvons offrir un travail de couture de la plus haute qualit\u00e9. assurant une excellente finition. Nous pouvons satisfaire tous vos besoins gr\u00e2ce \u00e0 dix ans d'exp\u00e9rience de notre personnel.<\/p>\n<p style=\"text-align: center;\">De la simple r\u00e9paration \u00e0 l'adaptation \u00e0 une nouvelle taille de la robe choisie. Nous confectionnons des costumes de mariage et de mari\u00e9, des costumes pour c\u00e9r\u00e9monies, communions et bapt\u00eames.<\/p>\n<p style=\"text-align: center;\">Dans notre Atelier Piemonte Sposi Gruppo Ci Due,\u00a0<strong>Atelier Piemonte Sposi<\/strong>nous prenons soin de chaque d\u00e9tail \u00e0 la perfection.<\/p>\n\n\t\t<\/div>\n\t<\/div>\n<\/div><\/div><\/div><div class=\"wpb_column vc_column_container vc_col-sm-4 vc_hidden-lg\"><div class=\"vc_column-inner\"><div class=\"wpb_wrapper\">\n\t<div  class=\"wpb_single_image wpb_content_element vc_align_center\">\n\t\t\n\t\t<figure class=\"wpb_wrapper vc_figure\">\n\t\t\t<div class=\"vc_single_image-wrapper   vc_box_border_grey\"><img loading=\"lazy\" decoding=\"async\" width=\"287\" height=\"300\" src=\"https:\/\/www.ateliergruppocidue.it\/wp-content\/uploads\/2025\/12\/14022024110321-sartoria-287x300.jpg\" class=\"vc_single_image-img attachment-medium\" alt=\"sartoria\" title=\"14022024110321-sartoria\" srcset=\"https:\/\/www.ateliergruppocidue.it\/wp-content\/uploads\/2025\/12\/14022024110321-sartoria-287x300.jpg 287w, https:\/\/www.ateliergruppocidue.it\/wp-content\/uploads\/2025\/12\/14022024110321-sartoria.jpg 430w\" sizes=\"auto, (max-width: 287px) 100vw, 287px\"  data-dt-location=\"https:\/\/www.ateliergruppocidue.it\/fr\/atelier\/14022024110321-sartoria\/\" \/><\/div>\n\t\t<\/figure>\n\t<\/div>\n<\/div><\/div><\/div><\/div><div class=\"vc_row wpb_row vc_row-fluid\"><div class=\"wpb_column vc_column_container vc_col-sm-3\"><div class=\"vc_column-inner\"><div class=\"wpb_wrapper\"><\/div><\/div><\/div><div class=\"wpb_column vc_column_container vc_col-sm-6\"><div class=\"vc_column-inner\"><div class=\"wpb_wrapper\">\n\t<div  class=\"wpb_single_image wpb_content_element vc_align_center\">\n\t\t\n\t\t<figure class=\"wpb_wrapper vc_figure\">\n\t\t\t<div class=\"vc_single_image-wrapper   vc_box_border_grey\"><img loading=\"lazy\" decoding=\"async\" width=\"150\" height=\"112\" src=\"https:\/\/www.ateliergruppocidue.it\/wp-content\/uploads\/2025\/12\/maker-150x112.jpg\" class=\"vc_single_image-img attachment-thumbnail\" alt=\"maker dove\" title=\"maker\"  data-dt-location=\"https:\/\/www.ateliergruppocidue.it\/fr\/atelier-gruppo-ci-due\/maker\/\" \/><\/div>\n\t\t<\/figure>\n\t<\/div>\n\n\t<div class=\"wpb_text_column wpb_content_element\" >\n\t\t<div class=\"wpb_wrapper\">\n\t\t\t<p align=\"CENTER\"><a href=\"https:\/\/www.ateliergruppocidue.it\/fr\/labito-perfetto-per-il-grande-giorno\/\">La robe parfaite pour le grand jour<\/a>,\u00a0<a href=\"https:\/\/www.ateliergruppocidue.it\/fr\/scopri-i-nuovi-abiti-da-cerimonia\/\">D\u00e9couvrez les nouveaux v\u00eatements de c\u00e9r\u00e9monie<\/a>.<br \/>\nL&#8217; Atelier Abiti da Sposa Torino &#8211; Gruppo ci Due, si trova vicino a\u00a0Torino, a\u00a0Caluso, a pochi chilometri da\u00a0Chivasso, Ivrea,<br \/>\nRivarolo Canavese,\u00a0Ciri\u00e8,\u00a0Lein\u00ec,\u00a0Caselle Torinese\u00a0Settimo Torinese<br \/>\nGr\u00e2ce \u00e0 la proximit\u00e9 des sorties d'autoroute Ivrea et San Giorgio Canavese, il est facilement accessible depuis<br \/>\nValle d&#8217;Aosta, Cuneo, Novara, Biella, Vercelli, Asti, Alessandria, Casale Monferrato, Torino, Milano, Genova<\/p>\n\n\t\t<\/div>\n\t<\/div>\n<\/div><\/div><\/div><div class=\"wpb_column vc_column_container vc_col-sm-3\"><div class=\"vc_column-inner\"><div class=\"wpb_wrapper\"><\/div><\/div><\/div><\/div>\n<\/div>","protected":false},"excerpt":{"rendered":"<p>LA FILOSOFIA Abiti da sposa ed abiti da sposo delle migliori griffes L&#8217;Atelier Gruppo Ci Due, si concentra nel soddisfare le esigenze dei clienti. Offre\u00a0abiti da sposa e da sposo\u00a0delle migliori griffes italiane e internazionali tra cui Morilee, Carlo Pignatelli, Pronovias e Madelin Gardner, marchi storici e di eccellenza. Ci impegnamo a trasmettere aromia, emozioni&hellip;<\/p>","protected":false},"author":1,"featured_media":551,"parent":0,"menu_order":0,"comment_status":"closed","ping_status":"closed","template":"","meta":{"footnotes":""},"class_list":["post-76","page","type-page","status-publish","has-post-thumbnail","hentry","description-off"],"_links":{"self":[{"href":"https:\/\/www.ateliergruppocidue.it\/fr\/wp-json\/wp\/v2\/pages\/76","targetHints":{"allow":["GET"]}}],"collection":[{"href":"https:\/\/www.ateliergruppocidue.it\/fr\/wp-json\/wp\/v2\/pages"}],"about":[{"href":"https:\/\/www.ateliergruppocidue.it\/fr\/wp-json\/wp\/v2\/types\/page"}],"author":[{"embeddable":true,"href":"https:\/\/www.ateliergruppocidue.it\/fr\/wp-json\/wp\/v2\/users\/1"}],"replies":[{"embeddable":true,"href":"https:\/\/www.ateliergruppocidue.it\/fr\/wp-json\/wp\/v2\/comments?post=76"}],"version-history":[{"count":2,"href":"https:\/\/www.ateliergruppocidue.it\/fr\/wp-json\/wp\/v2\/pages\/76\/revisions"}],"predecessor-version":[{"id":552,"href":"https:\/\/www.ateliergruppocidue.it\/fr\/wp-json\/wp\/v2\/pages\/76\/revisions\/552"}],"wp:featuredmedia":[{"embeddable":true,"href":"https:\/\/www.ateliergruppocidue.it\/fr\/wp-json\/wp\/v2\/media\/551"}],"wp:attachment":[{"href":"https:\/\/www.ateliergruppocidue.it\/fr\/wp-json\/wp\/v2\/media?parent=76"}],"curies":[{"name":"wp","href":"https:\/\/api.w.org\/{rel}","templated":true}]}}